{"id":681,"date":"2017-07-12T12:28:56","date_gmt":"2017-07-12T10:28:56","guid":{"rendered":"http:\/\/www.societedesetudesmarcelinedesbordesvalmore.fr\/?page_id=681"},"modified":"2017-09-05T20:52:31","modified_gmt":"2017-09-05T18:52:31","slug":"actualites","status":"publish","type":"page","link":"https:\/\/www.societedesetudesmarcelinedesbordesvalmore.fr\/?page_id=681","title":{"rendered":"Actualit\u00e9s"},"content":{"rendered":"","protected":false},"excerpt":{"rendered":"","protected":false},"author":1,"featured_media":0,"parent":0,"menu_order":0,"comment_status":"closed","ping_status":"closed","template":"template-actualit\u00e9s.php","meta":{"ngg_post_thumbnail":0,"footnotes":""},"class_list":["post-681","page","type-page","status-publish","hentry"],"yoast_head":"<!-- This site is optimized with the Yoast SEO plugin v24.9 - https:\/\/yoast.com\/wordpress\/plugins\/seo\/ -->\n<title>Actualit\u00e9s - Soci\u00e9t\u00e9 des \u00e9tudes Marceline Desbordes-Valmore<\/title>\n<meta name=\"description\" content=\"Retrouvez ici les rencontres et les actualit\u00e9s concernant Marceline Desbordes-Valmore\" \/>\n<meta name=\"robots\" content=\"index, follow, max-snippet:-1, max-image-preview:large, max-video-preview:-1\" \/>\n<link rel=\"canonical\" href=\"https:\/\/www.societedesetudesmarcelinedesbordesvalmore.fr\/?page_id=681\" \/>\n<meta property=\"og:locale\" content=\"fr_FR\" \/>\n<meta property=\"og:type\" content=\"article\" \/>\n<meta property=\"og:title\" content=\"Actualit\u00e9s - Soci\u00e9t\u00e9 des \u00e9tudes Marceline Desbordes-Valmore\" \/>\n<meta property=\"og:description\" content=\"Retrouvez ici les rencontres et les actualit\u00e9s concernant Marceline Desbordes-Valmore\" \/>\n<meta property=\"og:url\" content=\"https:\/\/www.societedesetudesmarcelinedesbordesvalmore.fr\/?page_id=681\" \/>\n<meta property=\"og:site_name\" content=\"Soci\u00e9t\u00e9 des \u00e9tudes Marceline Desbordes-Valmore\" \/>\n<meta property=\"article:modified_time\" content=\"2017-09-05T18:52:31+00:00\" \/>\n<meta name=\"twitter:card\" content=\"summary_large_image\" \/>\n<script type=\"application\/ld+json\" class=\"yoast-schema-graph\">{\"@context\":\"https:\/\/schema.org\",\"@graph\":[{\"@type\":\"WebPage\",\"@id\":\"https:\/\/www.societedesetudesmarcelinedesbordesvalmore.fr\/?page_id=681\",\"url\":\"https:\/\/www.societedesetudesmarcelinedesbordesvalmore.fr\/?page_id=681\",\"name\":\"Actualit\u00e9s - Soci\u00e9t\u00e9 des \u00e9tudes Marceline Desbordes-Valmore\",\"isPartOf\":{\"@id\":\"https:\/\/www.societedesetudesmarcelinedesbordesvalmore.fr\/#website\"},\"datePublished\":\"2017-07-12T10:28:56+00:00\",\"dateModified\":\"2017-09-05T18:52:31+00:00\",\"description\":\"Retrouvez ici les rencontres et les actualit\u00e9s concernant Marceline Desbordes-Valmore\",\"inLanguage\":\"fr-FR\",\"potentialAction\":[{\"@type\":\"ReadAction\",\"target\":[\"https:\/\/www.societedesetudesmarcelinedesbordesvalmore.fr\/?page_id=681\"]}]},{\"@type\":\"WebSite\",\"@id\":\"https:\/\/www.societedesetudesmarcelinedesbordesvalmore.fr\/#website\",\"url\":\"https:\/\/www.societedesetudesmarcelinedesbordesvalmore.fr\/\",\"name\":\"Soci\u00e9t\u00e9 des \u00e9tudes Marceline Desbordes-Valmore\",\"description\":\"\",\"potentialAction\":[{\"@type\":\"SearchAction\",\"target\":{\"@type\":\"EntryPoint\",\"urlTemplate\":\"https:\/\/www.societedesetudesmarcelinedesbordesvalmore.fr\/?s={search_term_string}\"},\"query-input\":{\"@type\":\"PropertyValueSpecification\",\"valueRequired\":true,\"valueName\":\"search_term_string\"}}],\"inLanguage\":\"fr-FR\"}]}<\/script>\n<!-- \/ Yoast SEO plugin. -->","yoast_head_json":{"title":"Actualit\u00e9s - Soci\u00e9t\u00e9 des \u00e9tudes Marceline Desbordes-Valmore","description":"Retrouvez ici les rencontres et les actualit\u00e9s concernant Marceline Desbordes-Valmore","robots":{"index":"index","follow":"follow","max-snippet":"max-snippet:-1","max-image-preview":"max-image-preview:large","max-video-preview":"max-video-preview:-1"},"canonical":"https:\/\/www.societedesetudesmarcelinedesbordesvalmore.fr\/?page_id=681","og_locale":"fr_FR","og_type":"article","og_title":"Actualit\u00e9s - Soci\u00e9t\u00e9 des \u00e9tudes Marceline Desbordes-Valmore","og_description":"Retrouvez ici les rencontres et les actualit\u00e9s concernant Marceline Desbordes-Valmore","og_url":"https:\/\/www.societedesetudesmarcelinedesbordesvalmore.fr\/?page_id=681","og_site_name":"Soci\u00e9t\u00e9 des \u00e9tudes Marceline Desbordes-Valmore","article_modified_time":"2017-09-05T18:52:31+00:00","twitter_card":"summary_large_image","schema":{"@context":"https:\/\/schema.org","@graph":[{"@type":"WebPage","@id":"https:\/\/www.societedesetudesmarcelinedesbordesvalmore.fr\/?page_id=681","url":"https:\/\/www.societedesetudesmarcelinedesbordesvalmore.fr\/?page_id=681","name":"Actualit\u00e9s - Soci\u00e9t\u00e9 des \u00e9tudes Marceline Desbordes-Valmore","isPartOf":{"@id":"https:\/\/www.societedesetudesmarcelinedesbordesvalmore.fr\/#website"},"datePublished":"2017-07-12T10:28:56+00:00","dateModified":"2017-09-05T18:52:31+00:00","description":"Retrouvez ici les rencontres et les actualit\u00e9s concernant Marceline Desbordes-Valmore","inLanguage":"fr-FR","potentialAction":[{"@type":"ReadAction","target":["https:\/\/www.societedesetudesmarcelinedesbordesvalmore.fr\/?page_id=681"]}]},{"@type":"WebSite","@id":"https:\/\/www.societedesetudesmarcelinedesbordesvalmore.fr\/#website","url":"https:\/\/www.societedesetudesmarcelinedesbordesvalmore.fr\/","name":"Soci\u00e9t\u00e9 des \u00e9tudes Marceline Desbordes-Valmore","description":"","potentialAction":[{"@type":"SearchAction","target":{"@type":"EntryPoint","urlTemplate":"https:\/\/www.societedesetudesmarcelinedesbordesvalmore.fr\/?s={search_term_string}"},"query-input":{"@type":"PropertyValueSpecification","valueRequired":true,"valueName":"search_term_string"}}],"inLanguage":"fr-FR"}]}},"_links":{"self":[{"href":"https:\/\/www.societedesetudesmarcelinedesbordesvalmore.fr\/index.php?rest_route=\/wp\/v2\/pages\/681","targetHints":{"allow":["GET"]}}],"collection":[{"href":"https:\/\/www.societedesetudesmarcelinedesbordesvalmore.fr\/index.php?rest_route=\/wp\/v2\/pages"}],"about":[{"href":"https:\/\/www.societedesetudesmarcelinedesbordesvalmore.fr\/index.php?rest_route=\/wp\/v2\/types\/page"}],"author":[{"embeddable":true,"href":"https:\/\/www.societedesetudesmarcelinedesbordesvalmore.fr\/index.php?rest_route=\/wp\/v2\/users\/1"}],"replies":[{"embeddable":true,"href":"https:\/\/www.societedesetudesmarcelinedesbordesvalmore.fr\/index.php?rest_route=%2Fwp%2Fv2%2Fcomments&post=681"}],"version-history":[{"count":1,"href":"https:\/\/www.societedesetudesmarcelinedesbordesvalmore.fr\/index.php?rest_route=\/wp\/v2\/pages\/681\/revisions"}],"predecessor-version":[{"id":682,"href":"https:\/\/www.societedesetudesmarcelinedesbordesvalmore.fr\/index.php?rest_route=\/wp\/v2\/pages\/681\/revisions\/682"}],"wp:attachment":[{"href":"https:\/\/www.societedesetudesmarcelinedesbordesvalmore.fr\/index.php?rest_route=%2Fwp%2Fv2%2Fmedia&parent=681"}],"curies":[{"name":"wp","href":"https:\/\/api.w.org\/{rel}","templated":true}]}}