{"id":647,"date":"2017-07-08T10:56:00","date_gmt":"2017-07-08T08:56:00","guid":{"rendered":"http:\/\/www.societedesetudesmarcelinedesbordesvalmore.fr\/?page_id=647"},"modified":"2022-03-31T17:54:41","modified_gmt":"2022-03-31T15:54:41","slug":"bibliographie-2","status":"publish","type":"page","link":"https:\/\/www.societedesetudesmarcelinedesbordesvalmore.fr\/?page_id=647","title":{"rendered":"Bibliographie"},"content":{"rendered":"<p>Sur ce site, vous trouverez :<\/p>\n<ul>\n<li>une liste de <a href=\"https:\/\/www.societedesetudesmarcelinedesbordesvalmore.fr\/?page_id=15\">publications r\u00e9centes<\/a>, de 2017 \u00e0 2022, en rapport avec Marceline Desbordes-Valmore<\/li>\n<li>une <a href=\"https:\/\/www.societedesetudesmarcelinedesbordesvalmore.fr\/?p=1549\">bibliographie g\u00e9n\u00e9rale<\/a> relative aux \u0153uvres et et sur Marceline Desbordes-Valmore<\/li>\n<li>une liste des principales \u00e9ditions num\u00e9ris\u00e9es accessibles d&rsquo;\u0153uvres de Marceline Desbordes-Valmore, dans la rubrique <a href=\"https:\/\/www.societedesetudesmarcelinedesbordesvalmore.fr\/?page_id=17\"><em>\u00c9crits de Marceline Desbordes-Valmore<\/em><\/a><\/li>\n<\/ul>\n<p>Nous signalons par ailleurs <a href=\"http:\/\/www.bnf.fr\/sites\/default\/files\/2021-03\/biblio%20Marceline%20Desbordes_Valmore%20mars21.pdf\">ce fichier de bibliographie<\/a> mis en ligne par la BnF en mars 2021.<\/p>\n","protected":false},"excerpt":{"rendered":"<p>Sur ce site, vous trouverez : une liste de publications r\u00e9centes, de 2017 \u00e0 2022, en rapport avec Marceline Desbordes-Valmore une bibliographie g\u00e9n\u00e9rale relative aux \u0153uvres et et sur Marceline Desbordes-Valmore une liste des principales \u00e9ditions num\u00e9ris\u00e9es accessibles d&rsquo;\u0153uvres de Marceline Desbordes-Valmore, dans la rubrique \u00c9crits de Marceline Desbordes-Valmore Nous signalons par ailleurs ce fichier &hellip; <a href=\"https:\/\/www.societedesetudesmarcelinedesbordesvalmore.fr\/?page_id=647\" class=\"more-link\">Continuer la lecture de <span class=\"screen-reader-text\">Bibliographie<\/span> <span class=\"meta-nav\">&rarr;<\/span><\/a><\/p>\n","protected":false},"author":1,"featured_media":0,"parent":0,"menu_order":0,"comment_status":"closed","ping_status":"closed","template":"","meta":{"ngg_post_thumbnail":0,"footnotes":""},"class_list":["post-647","page","type-page","status-publish","hentry"],"yoast_head":"<!-- This site is optimized with the Yoast SEO plugin v24.9 - https:\/\/yoast.com\/wordpress\/plugins\/seo\/ -->\n<title>Bibliographie - Soci\u00e9t\u00e9 des \u00e9tudes Marceline Desbordes-Valmore<\/title>\n<meta name=\"description\" content=\"Parutions r\u00e9centes concernant principalement ou partiellement Marceline Desbordes-Valmore, ainsi que des \u00e9ditions et des traductions de ses oeuvres\" \/>\n<meta name=\"robots\" content=\"index, follow, max-snippet:-1, max-image-preview:large, max-video-preview:-1\" \/>\n<link rel=\"canonical\" href=\"https:\/\/www.societedesetudesmarcelinedesbordesvalmore.fr\/?page_id=647\" \/>\n<meta property=\"og:locale\" content=\"fr_FR\" \/>\n<meta property=\"og:type\" content=\"article\" \/>\n<meta property=\"og:title\" content=\"Bibliographie - Soci\u00e9t\u00e9 des \u00e9tudes Marceline Desbordes-Valmore\" \/>\n<meta property=\"og:description\" content=\"Parutions r\u00e9centes concernant principalement ou partiellement Marceline Desbordes-Valmore, ainsi que des \u00e9ditions et des traductions de ses oeuvres\" \/>\n<meta property=\"og:url\" content=\"https:\/\/www.societedesetudesmarcelinedesbordesvalmore.fr\/?page_id=647\" \/>\n<meta property=\"og:site_name\" content=\"Soci\u00e9t\u00e9 des \u00e9tudes Marceline Desbordes-Valmore\" \/>\n<meta property=\"article:modified_time\" content=\"2022-03-31T15:54:41+00:00\" \/>\n<meta name=\"twitter:card\" content=\"summary_large_image\" \/>\n<meta name=\"twitter:label1\" content=\"Dur\u00e9e de lecture estim\u00e9e\" \/>\n\t<meta name=\"twitter:data1\" content=\"1 minute\" \/>\n<script type=\"application\/ld+json\" class=\"yoast-schema-graph\">{\"@context\":\"https:\/\/schema.org\",\"@graph\":[{\"@type\":\"WebPage\",\"@id\":\"https:\/\/www.societedesetudesmarcelinedesbordesvalmore.fr\/?page_id=647\",\"url\":\"https:\/\/www.societedesetudesmarcelinedesbordesvalmore.fr\/?page_id=647\",\"name\":\"Bibliographie - Soci\u00e9t\u00e9 des \u00e9tudes Marceline Desbordes-Valmore\",\"isPartOf\":{\"@id\":\"https:\/\/www.societedesetudesmarcelinedesbordesvalmore.fr\/#website\"},\"datePublished\":\"2017-07-08T08:56:00+00:00\",\"dateModified\":\"2022-03-31T15:54:41+00:00\",\"description\":\"Parutions r\u00e9centes concernant principalement ou partiellement Marceline Desbordes-Valmore, ainsi que des \u00e9ditions et des traductions de ses oeuvres\",\"inLanguage\":\"fr-FR\",\"potentialAction\":[{\"@type\":\"ReadAction\",\"target\":[\"https:\/\/www.societedesetudesmarcelinedesbordesvalmore.fr\/?page_id=647\"]}]},{\"@type\":\"WebSite\",\"@id\":\"https:\/\/www.societedesetudesmarcelinedesbordesvalmore.fr\/#website\",\"url\":\"https:\/\/www.societedesetudesmarcelinedesbordesvalmore.fr\/\",\"name\":\"Soci\u00e9t\u00e9 des \u00e9tudes Marceline Desbordes-Valmore\",\"description\":\"\",\"potentialAction\":[{\"@type\":\"SearchAction\",\"target\":{\"@type\":\"EntryPoint\",\"urlTemplate\":\"https:\/\/www.societedesetudesmarcelinedesbordesvalmore.fr\/?s={search_term_string}\"},\"query-input\":{\"@type\":\"PropertyValueSpecification\",\"valueRequired\":true,\"valueName\":\"search_term_string\"}}],\"inLanguage\":\"fr-FR\"}]}<\/script>\n<!-- \/ Yoast SEO plugin. -->","yoast_head_json":{"title":"Bibliographie - Soci\u00e9t\u00e9 des \u00e9tudes Marceline Desbordes-Valmore","description":"Parutions r\u00e9centes concernant principalement ou partiellement Marceline Desbordes-Valmore, ainsi que des \u00e9ditions et des traductions de ses oeuvres","robots":{"index":"index","follow":"follow","max-snippet":"max-snippet:-1","max-image-preview":"max-image-preview:large","max-video-preview":"max-video-preview:-1"},"canonical":"https:\/\/www.societedesetudesmarcelinedesbordesvalmore.fr\/?page_id=647","og_locale":"fr_FR","og_type":"article","og_title":"Bibliographie - Soci\u00e9t\u00e9 des \u00e9tudes Marceline Desbordes-Valmore","og_description":"Parutions r\u00e9centes concernant principalement ou partiellement Marceline Desbordes-Valmore, ainsi que des \u00e9ditions et des traductions de ses oeuvres","og_url":"https:\/\/www.societedesetudesmarcelinedesbordesvalmore.fr\/?page_id=647","og_site_name":"Soci\u00e9t\u00e9 des \u00e9tudes Marceline Desbordes-Valmore","article_modified_time":"2022-03-31T15:54:41+00:00","twitter_card":"summary_large_image","twitter_misc":{"Dur\u00e9e de lecture estim\u00e9e":"1 minute"},"schema":{"@context":"https:\/\/schema.org","@graph":[{"@type":"WebPage","@id":"https:\/\/www.societedesetudesmarcelinedesbordesvalmore.fr\/?page_id=647","url":"https:\/\/www.societedesetudesmarcelinedesbordesvalmore.fr\/?page_id=647","name":"Bibliographie - Soci\u00e9t\u00e9 des \u00e9tudes Marceline Desbordes-Valmore","isPartOf":{"@id":"https:\/\/www.societedesetudesmarcelinedesbordesvalmore.fr\/#website"},"datePublished":"2017-07-08T08:56:00+00:00","dateModified":"2022-03-31T15:54:41+00:00","description":"Parutions r\u00e9centes concernant principalement ou partiellement Marceline Desbordes-Valmore, ainsi que des \u00e9ditions et des traductions de ses oeuvres","inLanguage":"fr-FR","potentialAction":[{"@type":"ReadAction","target":["https:\/\/www.societedesetudesmarcelinedesbordesvalmore.fr\/?page_id=647"]}]},{"@type":"WebSite","@id":"https:\/\/www.societedesetudesmarcelinedesbordesvalmore.fr\/#website","url":"https:\/\/www.societedesetudesmarcelinedesbordesvalmore.fr\/","name":"Soci\u00e9t\u00e9 des \u00e9tudes Marceline Desbordes-Valmore","description":"","potentialAction":[{"@type":"SearchAction","target":{"@type":"EntryPoint","urlTemplate":"https:\/\/www.societedesetudesmarcelinedesbordesvalmore.fr\/?s={search_term_string}"},"query-input":{"@type":"PropertyValueSpecification","valueRequired":true,"valueName":"search_term_string"}}],"inLanguage":"fr-FR"}]}},"_links":{"self":[{"href":"https:\/\/www.societedesetudesmarcelinedesbordesvalmore.fr\/index.php?rest_route=\/wp\/v2\/pages\/647","targetHints":{"allow":["GET"]}}],"collection":[{"href":"https:\/\/www.societedesetudesmarcelinedesbordesvalmore.fr\/index.php?rest_route=\/wp\/v2\/pages"}],"about":[{"href":"https:\/\/www.societedesetudesmarcelinedesbordesvalmore.fr\/index.php?rest_route=\/wp\/v2\/types\/page"}],"author":[{"embeddable":true,"href":"https:\/\/www.societedesetudesmarcelinedesbordesvalmore.fr\/index.php?rest_route=\/wp\/v2\/users\/1"}],"replies":[{"embeddable":true,"href":"https:\/\/www.societedesetudesmarcelinedesbordesvalmore.fr\/index.php?rest_route=%2Fwp%2Fv2%2Fcomments&post=647"}],"version-history":[{"count":6,"href":"https:\/\/www.societedesetudesmarcelinedesbordesvalmore.fr\/index.php?rest_route=\/wp\/v2\/pages\/647\/revisions"}],"predecessor-version":[{"id":1570,"href":"https:\/\/www.societedesetudesmarcelinedesbordesvalmore.fr\/index.php?rest_route=\/wp\/v2\/pages\/647\/revisions\/1570"}],"wp:attachment":[{"href":"https:\/\/www.societedesetudesmarcelinedesbordesvalmore.fr\/index.php?rest_route=%2Fwp%2Fv2%2Fmedia&parent=647"}],"curies":[{"name":"wp","href":"https:\/\/api.w.org\/{rel}","templated":true}]}}