{"id":420,"date":"2017-07-04T15:42:53","date_gmt":"2017-07-04T13:42:53","guid":{"rendered":"http:\/\/www.societedesetudesmarcelinedesbordesvalmore.fr\/?page_id=420"},"modified":"2020-07-14T21:38:17","modified_gmt":"2020-07-14T19:38:17","slug":"iconographie-3","status":"publish","type":"page","link":"https:\/\/www.societedesetudesmarcelinedesbordesvalmore.fr\/?page_id=420","title":{"rendered":"Iconographie"},"content":{"rendered":"<p>Marceline Desbordes-Valmore disposait d\u2019une connaissance intime des arts visuels de son \u00e9poque, et son rapport \u00e0 ces derniers permet de mieux appr\u00e9hender son \u0153uvre. Ni\u00e8ce du peintre Constant Desbordes, elle comptait dans ses relations plusieurs peintres, dessinateurs et sculpteurs. Elle-m\u00eame a \u00e9t\u00e9 le sujet de nombreux portraits, r\u00e9alis\u00e9s de son vivant ou apr\u00e8s d\u00e9c\u00e8s. Cette rubrique d\u00e9bute un recensement de cet ensemble afin de mieux identifier et mieux faire conna\u00eetre la figure de Marceline Desbordes-Valmore et de ses proches.<\/p>\nngg_shortcode_0_placeholder\n<h3>Les proches et la famille<\/h3>\nngg_shortcode_1_placeholder\n","protected":false},"excerpt":{"rendered":"<p>Marceline Desbordes-Valmore disposait d\u2019une connaissance intime des arts visuels de son \u00e9poque, et son rapport \u00e0 ces derniers permet de mieux appr\u00e9hender son \u0153uvre. Ni\u00e8ce du peintre Constant Desbordes, elle comptait dans ses relations plusieurs peintres, dessinateurs et sculpteurs. Elle-m\u00eame a \u00e9t\u00e9 le sujet de nombreux portraits, r\u00e9alis\u00e9s de son vivant ou apr\u00e8s d\u00e9c\u00e8s. Cette &hellip; <a href=\"https:\/\/www.societedesetudesmarcelinedesbordesvalmore.fr\/?page_id=420\" class=\"more-link\">Continuer la lecture de <span class=\"screen-reader-text\">Iconographie<\/span> <span class=\"meta-nav\">&rarr;<\/span><\/a><\/p>\n","protected":false},"author":1,"featured_media":0,"parent":0,"menu_order":0,"comment_status":"closed","ping_status":"closed","template":"","meta":{"ngg_post_thumbnail":0,"footnotes":""},"class_list":["post-420","page","type-page","status-publish","hentry"],"yoast_head":"<!-- This site is optimized with the Yoast SEO plugin v24.9 - https:\/\/yoast.com\/wordpress\/plugins\/seo\/ -->\n<title>Iconographie - Soci\u00e9t\u00e9 des \u00e9tudes Marceline Desbordes-Valmore<\/title>\n<meta name=\"robots\" content=\"index, follow, max-snippet:-1, max-image-preview:large, max-video-preview:-1\" \/>\n<link rel=\"canonical\" href=\"https:\/\/www.societedesetudesmarcelinedesbordesvalmore.fr\/?page_id=420\" \/>\n<meta property=\"og:locale\" content=\"fr_FR\" \/>\n<meta property=\"og:type\" content=\"article\" \/>\n<meta property=\"og:title\" content=\"Iconographie - Soci\u00e9t\u00e9 des \u00e9tudes Marceline Desbordes-Valmore\" \/>\n<meta property=\"og:description\" content=\"Marceline Desbordes-Valmore disposait d\u2019une connaissance intime des arts visuels de son \u00e9poque, et son rapport \u00e0 ces derniers permet de mieux appr\u00e9hender son \u0153uvre. Ni\u00e8ce du peintre Constant Desbordes, elle comptait dans ses relations plusieurs peintres, dessinateurs et sculpteurs. Elle-m\u00eame a \u00e9t\u00e9 le sujet de nombreux portraits, r\u00e9alis\u00e9s de son vivant ou apr\u00e8s d\u00e9c\u00e8s. Cette &hellip; Continuer la lecture de Iconographie &rarr;\" \/>\n<meta property=\"og:url\" content=\"https:\/\/www.societedesetudesmarcelinedesbordesvalmore.fr\/?page_id=420\" \/>\n<meta property=\"og:site_name\" content=\"Soci\u00e9t\u00e9 des \u00e9tudes Marceline Desbordes-Valmore\" \/>\n<meta property=\"article:modified_time\" content=\"2020-07-14T19:38:17+00:00\" \/>\n<meta name=\"twitter:card\" content=\"summary_large_image\" \/>\n<script type=\"application\/ld+json\" class=\"yoast-schema-graph\">{\"@context\":\"https:\/\/schema.org\",\"@graph\":[{\"@type\":\"WebPage\",\"@id\":\"https:\/\/www.societedesetudesmarcelinedesbordesvalmore.fr\/?page_id=420\",\"url\":\"https:\/\/www.societedesetudesmarcelinedesbordesvalmore.fr\/?page_id=420\",\"name\":\"Iconographie - Soci\u00e9t\u00e9 des \u00e9tudes Marceline Desbordes-Valmore\",\"isPartOf\":{\"@id\":\"https:\/\/www.societedesetudesmarcelinedesbordesvalmore.fr\/#website\"},\"datePublished\":\"2017-07-04T13:42:53+00:00\",\"dateModified\":\"2020-07-14T19:38:17+00:00\",\"inLanguage\":\"fr-FR\",\"potentialAction\":[{\"@type\":\"ReadAction\",\"target\":[\"https:\/\/www.societedesetudesmarcelinedesbordesvalmore.fr\/?page_id=420\"]}]},{\"@type\":\"WebSite\",\"@id\":\"https:\/\/www.societedesetudesmarcelinedesbordesvalmore.fr\/#website\",\"url\":\"https:\/\/www.societedesetudesmarcelinedesbordesvalmore.fr\/\",\"name\":\"Soci\u00e9t\u00e9 des \u00e9tudes Marceline Desbordes-Valmore\",\"description\":\"\",\"potentialAction\":[{\"@type\":\"SearchAction\",\"target\":{\"@type\":\"EntryPoint\",\"urlTemplate\":\"https:\/\/www.societedesetudesmarcelinedesbordesvalmore.fr\/?s={search_term_string}\"},\"query-input\":{\"@type\":\"PropertyValueSpecification\",\"valueRequired\":true,\"valueName\":\"search_term_string\"}}],\"inLanguage\":\"fr-FR\"}]}<\/script>\n<!-- \/ Yoast SEO plugin. -->","yoast_head_json":{"title":"Iconographie - Soci\u00e9t\u00e9 des \u00e9tudes Marceline Desbordes-Valmore","robots":{"index":"index","follow":"follow","max-snippet":"max-snippet:-1","max-image-preview":"max-image-preview:large","max-video-preview":"max-video-preview:-1"},"canonical":"https:\/\/www.societedesetudesmarcelinedesbordesvalmore.fr\/?page_id=420","og_locale":"fr_FR","og_type":"article","og_title":"Iconographie - Soci\u00e9t\u00e9 des \u00e9tudes Marceline Desbordes-Valmore","og_description":"Marceline Desbordes-Valmore disposait d\u2019une connaissance intime des arts visuels de son \u00e9poque, et son rapport \u00e0 ces derniers permet de mieux appr\u00e9hender son \u0153uvre. Ni\u00e8ce du peintre Constant Desbordes, elle comptait dans ses relations plusieurs peintres, dessinateurs et sculpteurs. Elle-m\u00eame a \u00e9t\u00e9 le sujet de nombreux portraits, r\u00e9alis\u00e9s de son vivant ou apr\u00e8s d\u00e9c\u00e8s. Cette &hellip; Continuer la lecture de Iconographie &rarr;","og_url":"https:\/\/www.societedesetudesmarcelinedesbordesvalmore.fr\/?page_id=420","og_site_name":"Soci\u00e9t\u00e9 des \u00e9tudes Marceline Desbordes-Valmore","article_modified_time":"2020-07-14T19:38:17+00:00","twitter_card":"summary_large_image","schema":{"@context":"https:\/\/schema.org","@graph":[{"@type":"WebPage","@id":"https:\/\/www.societedesetudesmarcelinedesbordesvalmore.fr\/?page_id=420","url":"https:\/\/www.societedesetudesmarcelinedesbordesvalmore.fr\/?page_id=420","name":"Iconographie - Soci\u00e9t\u00e9 des \u00e9tudes Marceline Desbordes-Valmore","isPartOf":{"@id":"https:\/\/www.societedesetudesmarcelinedesbordesvalmore.fr\/#website"},"datePublished":"2017-07-04T13:42:53+00:00","dateModified":"2020-07-14T19:38:17+00:00","inLanguage":"fr-FR","potentialAction":[{"@type":"ReadAction","target":["https:\/\/www.societedesetudesmarcelinedesbordesvalmore.fr\/?page_id=420"]}]},{"@type":"WebSite","@id":"https:\/\/www.societedesetudesmarcelinedesbordesvalmore.fr\/#website","url":"https:\/\/www.societedesetudesmarcelinedesbordesvalmore.fr\/","name":"Soci\u00e9t\u00e9 des \u00e9tudes Marceline Desbordes-Valmore","description":"","potentialAction":[{"@type":"SearchAction","target":{"@type":"EntryPoint","urlTemplate":"https:\/\/www.societedesetudesmarcelinedesbordesvalmore.fr\/?s={search_term_string}"},"query-input":{"@type":"PropertyValueSpecification","valueRequired":true,"valueName":"search_term_string"}}],"inLanguage":"fr-FR"}]}},"_links":{"self":[{"href":"https:\/\/www.societedesetudesmarcelinedesbordesvalmore.fr\/index.php?rest_route=\/wp\/v2\/pages\/420","targetHints":{"allow":["GET"]}}],"collection":[{"href":"https:\/\/www.societedesetudesmarcelinedesbordesvalmore.fr\/index.php?rest_route=\/wp\/v2\/pages"}],"about":[{"href":"https:\/\/www.societedesetudesmarcelinedesbordesvalmore.fr\/index.php?rest_route=\/wp\/v2\/types\/page"}],"author":[{"embeddable":true,"href":"https:\/\/www.societedesetudesmarcelinedesbordesvalmore.fr\/index.php?rest_route=\/wp\/v2\/users\/1"}],"replies":[{"embeddable":true,"href":"https:\/\/www.societedesetudesmarcelinedesbordesvalmore.fr\/index.php?rest_route=%2Fwp%2Fv2%2Fcomments&post=420"}],"version-history":[{"count":8,"href":"https:\/\/www.societedesetudesmarcelinedesbordesvalmore.fr\/index.php?rest_route=\/wp\/v2\/pages\/420\/revisions"}],"predecessor-version":[{"id":1153,"href":"https:\/\/www.societedesetudesmarcelinedesbordesvalmore.fr\/index.php?rest_route=\/wp\/v2\/pages\/420\/revisions\/1153"}],"wp:attachment":[{"href":"https:\/\/www.societedesetudesmarcelinedesbordesvalmore.fr\/index.php?rest_route=%2Fwp%2Fv2%2Fmedia&parent=420"}],"curies":[{"name":"wp","href":"https:\/\/api.w.org\/{rel}","templated":true}]}}