{"id":1767,"date":"2022-11-22T02:11:35","date_gmt":"2022-11-22T01:11:35","guid":{"rendered":"https:\/\/www.societedesetudesmarcelinedesbordesvalmore.fr\/?page_id=1767"},"modified":"2024-10-13T14:48:49","modified_gmt":"2024-10-13T12:48:49","slug":"agregation-2023-dernieres-informations-publications-et-evenements","status":"publish","type":"page","link":"https:\/\/www.societedesetudesmarcelinedesbordesvalmore.fr\/?page_id=1767","title":{"rendered":"Agr\u00e9gation 2023 &#8211; Derni\u00e8res informations, publications et \u00e9v\u00e9nements"},"content":{"rendered":"<ul>\n<li>4 d\u00e9cembre 2023 : publication sur le site de la SEMDV de la version \u00e9crite de la le\u00e7on d&rsquo;agr\u00e9gation de Vincent D\u00e9camps, \u00ab <a href=\"https:\/\/www.societedesetudesmarcelinedesbordesvalmore.fr\/?p=1883\">La libert\u00e9 des <em>Pleurs<\/em> et le rossignol en cage<\/a> \u00bb, publi\u00e9e dans <a href=\"https:\/\/www.societedesetudesmarcelinedesbordesvalmore.fr\/?event=parution-des-cahiers-jecris-pourtant-n5\"><em>J&rsquo;\u00e9cris pourtant<\/em> n\u00b0 5<\/a>.<\/li>\n<li>12 d\u00e9cembre 2022 : publication sur Fabula des actes du colloque <a href=\"https:\/\/www.fabula.org\/colloques\/sommaire8641.php\"><em>Sur <\/em>Les Pleurs<em> de Marceline Desbordes-Valmore<\/em><\/a> des 2 et 3 d\u00e9cembre 2022.<\/li>\n<li>9 d\u00e9cembre 2022 : publication par Esther Pinon et St\u00e9phan Chaudier de <a href=\"https:\/\/www.atlande.eu\/lettres-xixe-siecle\/938-marceline-desbordes-valmore-les-pleurs-9782350308302.html\"><i>Marceline Desbordes-Valmore, Les Pleurs<\/i><\/a>, Clef concours lettres, Paris, Atlande, 2022.<\/li>\n<li>2 et 3 d\u00e9cembre : <a href=\"https:\/\/www.societedesetudesmarcelinedesbordesvalmore.fr\/?event=1761\">colloque d\u2019agr\u00e9gation en Sorbonne sur&nbsp;<em>Les Pleurs<\/em> de Marceline Desbordes-Valmore<\/a>, organis\u00e9 par Aur\u00e9lie Foglia et Jean-Marc Hovasse, dans l\u2019amphith\u00e9\u00e2tre Guizot.<\/li>\n<li>27 octobre 2022 : publication de l&rsquo;ouvrage dirig\u00e9 par Camille Islert et Wendy Prin-Conti, <a href=\"https:\/\/www.fabula.org\/actualites\/110554\/camille-islert-amp-wendy-prin-conti-dir-marceline-desbordes-valmore-les-pleurs.html\"><i>Marceline Desbordes-Valmore, \u00ab<\/i>&nbsp;<i>Les Pleurs<\/i>&nbsp;<i>\u00bb<\/i><\/a>, collection Didact Fran\u00e7ais, Rennes : Presses Universitaires de Rennes, 2022.<\/li>\n<li>16 septembre 2022 : publication du chapitre d&rsquo;ouvrage de Wendy Prin-Conti, \u00ab&nbsp;<a href=\"https:\/\/www.fabula.org\/actualites\/109755\/reussir-les-agregations-de-lettres.html\">Po\u00e9tique des titres dans <em>Les Pleurs<\/em> de Marceline Desbordes-Valmore<\/a>&nbsp;\u00bb, dans Marie-Ange Foug\u00e8re (dir.), <i>R\u00e9ussir les agr\u00e9gations de Lettres 2023<\/i>, Dijon : \u00c9ditions Universitaires de Dijon, collection U-21, 2022.<\/li>\n<li>30 septembre 2022 : <a href=\"https:\/\/serd.hypotheses.org\/10874\">r\u00e9union des pr\u00e9parateurs et pr\u00e9paratrices de l\u2019agr\u00e9gation<\/a> organis\u00e9e par Olivier Bara et Aur\u00e9lie Foglia sur Marceline Desbordes-Valmore.<\/li>\n<li>9 ao\u00fbt 2022 : publication du chapitre d&rsquo;ouvrage de Wendy Prin-Conti, \u00ab Marceline Desbordes-Valmore, <i>Les Pleurs<\/i>&nbsp;\u00bb, dans Jean-Michel Gouvard (dir.), <i>Agr\u00e9gation de Lettres 2023, Tout le programme du Moyen \u00c2ge au XX<\/i><i>e<\/i><i> si\u00e8cle en un volume<\/i>, Paris : Ellipses, 2022.<\/li>\n<\/ul>\n","protected":false},"excerpt":{"rendered":"<p>4 d\u00e9cembre 2023 : publication sur le site de la SEMDV de la version \u00e9crite de la le\u00e7on d&rsquo;agr\u00e9gation de Vincent D\u00e9camps, \u00ab La libert\u00e9 des Pleurs et le rossignol en cage \u00bb, publi\u00e9e dans J&rsquo;\u00e9cris pourtant n\u00b0 5. 12 d\u00e9cembre 2022 : publication sur Fabula des actes du colloque Sur Les Pleurs de Marceline &hellip; <a href=\"https:\/\/www.societedesetudesmarcelinedesbordesvalmore.fr\/?page_id=1767\" class=\"more-link\">Continuer la lecture de <span class=\"screen-reader-text\">Agr\u00e9gation 2023 &#8211; Derni\u00e8res informations, publications et \u00e9v\u00e9nements<\/span> <span class=\"meta-nav\">&rarr;<\/span><\/a><\/p>\n","protected":false},"author":46,"featured_media":0,"parent":0,"menu_order":0,"comment_status":"closed","ping_status":"closed","template":"","meta":{"ngg_post_thumbnail":0,"footnotes":""},"class_list":["post-1767","page","type-page","status-publish","hentry"],"yoast_head":"<!-- This site is optimized with the Yoast SEO plugin v24.9 - https:\/\/yoast.com\/wordpress\/plugins\/seo\/ -->\n<title>Agr\u00e9gation 2023 - Derni\u00e8res informations, publications et \u00e9v\u00e9nements - Soci\u00e9t\u00e9 des \u00e9tudes Marceline Desbordes-Valmore<\/title>\n<meta name=\"robots\" content=\"index, follow, max-snippet:-1, max-image-preview:large, max-video-preview:-1\" \/>\n<link rel=\"canonical\" href=\"https:\/\/www.societedesetudesmarcelinedesbordesvalmore.fr\/?page_id=1767\" \/>\n<meta property=\"og:locale\" content=\"fr_FR\" \/>\n<meta property=\"og:type\" content=\"article\" \/>\n<meta property=\"og:title\" content=\"Agr\u00e9gation 2023 - Derni\u00e8res informations, publications et \u00e9v\u00e9nements - Soci\u00e9t\u00e9 des \u00e9tudes Marceline Desbordes-Valmore\" \/>\n<meta property=\"og:description\" content=\"4 d\u00e9cembre 2023 : publication sur le site de la SEMDV de la version \u00e9crite de la le\u00e7on d&rsquo;agr\u00e9gation de Vincent D\u00e9camps, \u00ab La libert\u00e9 des Pleurs et le rossignol en cage \u00bb, publi\u00e9e dans J&rsquo;\u00e9cris pourtant n\u00b0 5. 12 d\u00e9cembre 2022 : publication sur Fabula des actes du colloque Sur Les Pleurs de Marceline &hellip; Continuer la lecture de Agr\u00e9gation 2023 &#8211; Derni\u00e8res informations, publications et \u00e9v\u00e9nements &rarr;\" \/>\n<meta property=\"og:url\" content=\"https:\/\/www.societedesetudesmarcelinedesbordesvalmore.fr\/?page_id=1767\" \/>\n<meta property=\"og:site_name\" content=\"Soci\u00e9t\u00e9 des \u00e9tudes Marceline Desbordes-Valmore\" \/>\n<meta property=\"article:modified_time\" content=\"2024-10-13T12:48:49+00:00\" \/>\n<meta name=\"twitter:card\" content=\"summary_large_image\" \/>\n<meta name=\"twitter:label1\" content=\"Dur\u00e9e de lecture estim\u00e9e\" \/>\n\t<meta name=\"twitter:data1\" content=\"2 minutes\" \/>\n<script type=\"application\/ld+json\" class=\"yoast-schema-graph\">{\"@context\":\"https:\/\/schema.org\",\"@graph\":[{\"@type\":\"WebPage\",\"@id\":\"https:\/\/www.societedesetudesmarcelinedesbordesvalmore.fr\/?page_id=1767\",\"url\":\"https:\/\/www.societedesetudesmarcelinedesbordesvalmore.fr\/?page_id=1767\",\"name\":\"Agr\u00e9gation 2023 - Derni\u00e8res informations, publications et \u00e9v\u00e9nements - Soci\u00e9t\u00e9 des \u00e9tudes Marceline Desbordes-Valmore\",\"isPartOf\":{\"@id\":\"https:\/\/www.societedesetudesmarcelinedesbordesvalmore.fr\/#website\"},\"datePublished\":\"2022-11-22T01:11:35+00:00\",\"dateModified\":\"2024-10-13T12:48:49+00:00\",\"inLanguage\":\"fr-FR\",\"potentialAction\":[{\"@type\":\"ReadAction\",\"target\":[\"https:\/\/www.societedesetudesmarcelinedesbordesvalmore.fr\/?page_id=1767\"]}]},{\"@type\":\"WebSite\",\"@id\":\"https:\/\/www.societedesetudesmarcelinedesbordesvalmore.fr\/#website\",\"url\":\"https:\/\/www.societedesetudesmarcelinedesbordesvalmore.fr\/\",\"name\":\"Soci\u00e9t\u00e9 des \u00e9tudes Marceline Desbordes-Valmore\",\"description\":\"\",\"potentialAction\":[{\"@type\":\"SearchAction\",\"target\":{\"@type\":\"EntryPoint\",\"urlTemplate\":\"https:\/\/www.societedesetudesmarcelinedesbordesvalmore.fr\/?s={search_term_string}\"},\"query-input\":{\"@type\":\"PropertyValueSpecification\",\"valueRequired\":true,\"valueName\":\"search_term_string\"}}],\"inLanguage\":\"fr-FR\"}]}<\/script>\n<!-- \/ Yoast SEO plugin. -->","yoast_head_json":{"title":"Agr\u00e9gation 2023 - Derni\u00e8res informations, publications et \u00e9v\u00e9nements - Soci\u00e9t\u00e9 des \u00e9tudes Marceline Desbordes-Valmore","robots":{"index":"index","follow":"follow","max-snippet":"max-snippet:-1","max-image-preview":"max-image-preview:large","max-video-preview":"max-video-preview:-1"},"canonical":"https:\/\/www.societedesetudesmarcelinedesbordesvalmore.fr\/?page_id=1767","og_locale":"fr_FR","og_type":"article","og_title":"Agr\u00e9gation 2023 - Derni\u00e8res informations, publications et \u00e9v\u00e9nements - Soci\u00e9t\u00e9 des \u00e9tudes Marceline Desbordes-Valmore","og_description":"4 d\u00e9cembre 2023 : publication sur le site de la SEMDV de la version \u00e9crite de la le\u00e7on d&rsquo;agr\u00e9gation de Vincent D\u00e9camps, \u00ab La libert\u00e9 des Pleurs et le rossignol en cage \u00bb, publi\u00e9e dans J&rsquo;\u00e9cris pourtant n\u00b0 5. 12 d\u00e9cembre 2022 : publication sur Fabula des actes du colloque Sur Les Pleurs de Marceline &hellip; Continuer la lecture de Agr\u00e9gation 2023 &#8211; Derni\u00e8res informations, publications et \u00e9v\u00e9nements &rarr;","og_url":"https:\/\/www.societedesetudesmarcelinedesbordesvalmore.fr\/?page_id=1767","og_site_name":"Soci\u00e9t\u00e9 des \u00e9tudes Marceline Desbordes-Valmore","article_modified_time":"2024-10-13T12:48:49+00:00","twitter_card":"summary_large_image","twitter_misc":{"Dur\u00e9e de lecture estim\u00e9e":"2 minutes"},"schema":{"@context":"https:\/\/schema.org","@graph":[{"@type":"WebPage","@id":"https:\/\/www.societedesetudesmarcelinedesbordesvalmore.fr\/?page_id=1767","url":"https:\/\/www.societedesetudesmarcelinedesbordesvalmore.fr\/?page_id=1767","name":"Agr\u00e9gation 2023 - Derni\u00e8res informations, publications et \u00e9v\u00e9nements - Soci\u00e9t\u00e9 des \u00e9tudes Marceline Desbordes-Valmore","isPartOf":{"@id":"https:\/\/www.societedesetudesmarcelinedesbordesvalmore.fr\/#website"},"datePublished":"2022-11-22T01:11:35+00:00","dateModified":"2024-10-13T12:48:49+00:00","inLanguage":"fr-FR","potentialAction":[{"@type":"ReadAction","target":["https:\/\/www.societedesetudesmarcelinedesbordesvalmore.fr\/?page_id=1767"]}]},{"@type":"WebSite","@id":"https:\/\/www.societedesetudesmarcelinedesbordesvalmore.fr\/#website","url":"https:\/\/www.societedesetudesmarcelinedesbordesvalmore.fr\/","name":"Soci\u00e9t\u00e9 des \u00e9tudes Marceline Desbordes-Valmore","description":"","potentialAction":[{"@type":"SearchAction","target":{"@type":"EntryPoint","urlTemplate":"https:\/\/www.societedesetudesmarcelinedesbordesvalmore.fr\/?s={search_term_string}"},"query-input":{"@type":"PropertyValueSpecification","valueRequired":true,"valueName":"search_term_string"}}],"inLanguage":"fr-FR"}]}},"_links":{"self":[{"href":"https:\/\/www.societedesetudesmarcelinedesbordesvalmore.fr\/index.php?rest_route=\/wp\/v2\/pages\/1767","targetHints":{"allow":["GET"]}}],"collection":[{"href":"https:\/\/www.societedesetudesmarcelinedesbordesvalmore.fr\/index.php?rest_route=\/wp\/v2\/pages"}],"about":[{"href":"https:\/\/www.societedesetudesmarcelinedesbordesvalmore.fr\/index.php?rest_route=\/wp\/v2\/types\/page"}],"author":[{"embeddable":true,"href":"https:\/\/www.societedesetudesmarcelinedesbordesvalmore.fr\/index.php?rest_route=\/wp\/v2\/users\/46"}],"replies":[{"embeddable":true,"href":"https:\/\/www.societedesetudesmarcelinedesbordesvalmore.fr\/index.php?rest_route=%2Fwp%2Fv2%2Fcomments&post=1767"}],"version-history":[{"count":13,"href":"https:\/\/www.societedesetudesmarcelinedesbordesvalmore.fr\/index.php?rest_route=\/wp\/v2\/pages\/1767\/revisions"}],"predecessor-version":[{"id":1959,"href":"https:\/\/www.societedesetudesmarcelinedesbordesvalmore.fr\/index.php?rest_route=\/wp\/v2\/pages\/1767\/revisions\/1959"}],"wp:attachment":[{"href":"https:\/\/www.societedesetudesmarcelinedesbordesvalmore.fr\/index.php?rest_route=%2Fwp%2Fv2%2Fmedia&parent=1767"}],"curies":[{"name":"wp","href":"https:\/\/api.w.org\/{rel}","templated":true}]}}