{"id":1598,"date":"2022-04-18T17:03:23","date_gmt":"2022-04-18T15:03:23","guid":{"rendered":"https:\/\/www.societedesetudesmarcelinedesbordesvalmore.fr\/?page_id=1598"},"modified":"2023-06-25T17:35:54","modified_gmt":"2023-06-25T15:35:54","slug":"agregation-2023","status":"publish","type":"page","link":"https:\/\/www.societedesetudesmarcelinedesbordesvalmore.fr\/?page_id=1598","title":{"rendered":"Agr\u00e9gation 2023 : <i>Les Pleurs<\/i>"},"content":{"rendered":"<p><em>Les Pleurs<\/em>, au <a href=\"https:\/\/www.fabula.org\/actualites\/programme-des-agregations-de-lettres-_107241.php\">programme des agr\u00e9gations des lettres 2023<\/a><\/p>\n<p>Vous trouverez des informations et documents dans les rubriques suivantes&nbsp;:<\/p>\n<ul style=\"list-style-type: disc;\">\n<li><a href=\"https:\/\/www.societedesetudesmarcelinedesbordesvalmore.fr\/?page_id=1767\">derni\u00e8res informations, publications et \u00e9v\u00e9nements<\/a><\/li>\n<li><a href=\"https:\/\/www.societedesetudesmarcelinedesbordesvalmore.fr\/?page_id=1584\">le texte<\/a> :\n<ul style=\"list-style-type: disc;\">\n<li><a href=\"https:\/\/www.societedesetudesmarcelinedesbordesvalmore.fr\/?page_id=1584#edition-programme\">\u00e9dition au programme<\/a><\/li>\n<li><a href=\"https:\/\/www.societedesetudesmarcelinedesbordesvalmore.fr\/?page_id=1584#edition-originale\">\u00e9dition originale<\/a><\/li>\n<li><a href=\"https:\/\/www.societedesetudesmarcelinedesbordesvalmore.fr\/?page_id=1584#editions-numeriques\">\u00e9ditions num\u00e9riques<\/a><\/li>\n<li><a href=\"https:\/\/www.societedesetudesmarcelinedesbordesvalmore.fr\/?page_id=1584#edition-2\">deuxi\u00e8me \u00e9dition<\/a>, <a href=\"https:\/\/www.societedesetudesmarcelinedesbordesvalmore.fr\/?page_id=1584#edition-belge\">contrefa\u00e7on belge<\/a><\/li>\n<li><a href=\"https:\/\/www.societedesetudesmarcelinedesbordesvalmore.fr\/?page_id=1584#autres-editions\">autres \u00e9ditions<\/a><\/li>\n<li><a href=\"https:\/\/www.societedesetudesmarcelinedesbordesvalmore.fr\/?page_id=1584#prepublications\">pr\u00e9publications<\/a><\/li>\n<li><a href=\"https:\/\/www.societedesetudesmarcelinedesbordesvalmore.fr\/?page_id=1584#lectures\">versions lues<\/a>, <a href=\"https:\/\/www.societedesetudesmarcelinedesbordesvalmore.fr\/?page_id=1584#chants\">versions chant\u00e9es<\/a>, <a href=\"https:\/\/www.societedesetudesmarcelinedesbordesvalmore.fr\/?page_id=1584#partitions\">partitions musicales<\/a><\/li>\n<\/ul>\n<\/li>\n<li>manuscrits : voir sur le <a href=\"https:\/\/societedesetudesmarcelinedesbordesvalmore.fr\/oeuvrepoetique\/index.php#Les_Pleurs\">site d\u00e9di\u00e9 \u00e0 l&rsquo;\u0153uvre po\u00e9tique<\/a>, sur la <a href=\"https:\/\/societedesetudesmarcelinedesbordesvalmore.fr\/oeuvrepoetique\/manuscrits.php\">page des manuscrits<\/a>, ou en suivant les liens vers les po\u00e8mes des <em>Pleurs<\/em> pour lesquels des manuscrits sont signal\u00e9s <a href=\"https:\/\/societedesetudesmarcelinedesbordesvalmore.fr\/oeuvrepoetique\/index.php#Les_Pleurs\">sur la page d&rsquo;accueil du site<\/a><\/li>\n<li><a href=\"https:\/\/www.societedesetudesmarcelinedesbordesvalmore.fr\/?page_id=1572\">bibliographie<\/a> :\n<ul style=\"list-style-type: disc;\">\n<li><a href=\"https:\/\/www.societedesetudesmarcelinedesbordesvalmore.fr\/?page_id=1572#edition-programme\">\u00e9dition au programme<\/a>, <a href=\"https:\/\/www.societedesetudesmarcelinedesbordesvalmore.fr\/?page_id=1572#edition-originale\">\u00e9dition originale<\/a>, <a href=\"https:\/\/www.societedesetudesmarcelinedesbordesvalmore.fr\/?page_id=1572#editions-numeriques\">\u00e9ditions num\u00e9riques<\/a>, <a href=\"https:\/\/www.societedesetudesmarcelinedesbordesvalmore.fr\/?page_id=1572#edition-2\">deuxi\u00e8me \u00e9dition<\/a>, <a href=\"https:\/\/www.societedesetudesmarcelinedesbordesvalmore.fr\/?page_id=1572#edition-belge\">contrefa\u00e7on belge<\/a>, <a href=\"https:\/\/www.societedesetudesmarcelinedesbordesvalmore.fr\/?page_id=1572#edition-redecouvertes\">red\u00e9couvertes \u00e9ditoriales<\/a> (r\u00e9\u00e9ditions du recueil et anthologies),<\/li>\n<li><a href=\"https:\/\/www.societedesetudesmarcelinedesbordesvalmore.fr\/?page_id=1572#reception\">r\u00e9ception<\/a>, <a href=\"https:\/\/www.societedesetudesmarcelinedesbordesvalmore.fr\/?page_id=1572#reception-immediate\">r\u00e9ception imm\u00e9diate<\/a>,<\/li>\n<li><a href=\"https:\/\/www.societedesetudesmarcelinedesbordesvalmore.fr\/?page_id=1572#creation-mythe\">cr\u00e9ation du mythe<\/a>,<\/li>\n<li><a href=\"https:\/\/www.societedesetudesmarcelinedesbordesvalmore.fr\/?page_id=1572#ouvrages-generaux\">ouvrages g\u00e9n\u00e9raux<\/a> sur Desbordes-Valmore po\u00e8te,<\/li>\n<li><a href=\"https:\/\/www.societedesetudesmarcelinedesbordesvalmore.fr\/?page_id=1572#poetique\">po\u00e9tique, stylistique, esth\u00e9tique<\/a>,<\/li>\n<li><a href=\"https:\/\/www.societedesetudesmarcelinedesbordesvalmore.fr\/?page_id=1572#articles-poemes\">articles<\/a> \u00e0 propos des <em>Pleurs<\/em> et des po\u00e8mes du recueil,<\/li>\n<li><a href=\"https:\/\/www.societedesetudesmarcelinedesbordesvalmore.fr\/?page_id=1572#bibliographie\">bibliographie<\/a>,<\/li>\n<li><a href=\"https:\/\/www.societedesetudesmarcelinedesbordesvalmore.fr\/?page_id=1572#documents\">documents<\/a> :&nbsp;<a href=\"https:\/\/www.societedesetudesmarcelinedesbordesvalmore.fr\/?page_id=1572#traductions\">traductions<\/a>, <a href=\"https:\/\/www.societedesetudesmarcelinedesbordesvalmore.fr\/?page_id=1572#partitions\">partitions musicales<\/a>, <a href=\"https:\/\/www.societedesetudesmarcelinedesbordesvalmore.fr\/?page_id=1572#lectures\">versions lues<\/a>, <a href=\"https:\/\/www.societedesetudesmarcelinedesbordesvalmore.fr\/?page_id=1572#chants\">versions chant\u00e9es<\/a>, <a href=\"https:\/\/www.societedesetudesmarcelinedesbordesvalmore.fr\/?page_id=1572#medias\">m\u00e9dias ????<\/a><\/li>\n<\/ul>\n<\/li>\n<li><a href=\"https:\/\/www.societedesetudesmarcelinedesbordesvalmore.fr\/?page_id=1578\">biographie de Marceline Desbordes-Valmore<\/a> :\n<ul style=\"list-style-type: disc;\">\n<li>ressources disponibles sur ce site :<a href=\"https:\/\/www.societedesetudesmarcelinedesbordesvalmore.fr\/?p=238\"> courte biographie<\/a>, <a href=\"https:\/\/www.societedesetudesmarcelinedesbordesvalmore.fr\/?p=212\">chronologie<\/a>, <a href=\"https:\/\/www.societedesetudesmarcelinedesbordesvalmore.fr\/?p=212#lieux\">cartographie<\/a>, <a href=\"https:\/\/www.societedesetudesmarcelinedesbordesvalmore.fr\/?page_id=420\">iconographie<\/a><\/li>\n<li><a href=\"https:\/\/www.societedesetudesmarcelinedesbordesvalmore.fr\/?page_id=1578\">informations sur les biographies de r\u00e9f\u00e9rence<\/a><\/li>\n<\/ul>\n<\/li>\n<li><a href=\"https:\/\/www.societedesetudesmarcelinedesbordesvalmore.fr\/?page_id=1591\"> extraits de la correspondance<\/a> :\n<ul style=\"list-style-type: disc;\">\n<li><a href=\"https:\/\/www.societedesetudesmarcelinedesbordesvalmore.fr\/?page_id=1591#recueil\">\u00e0 propos du recueil<\/a>,<\/li>\n<li><a href=\"https:\/\/www.societedesetudesmarcelinedesbordesvalmore.fr\/?page_id=1591#poemes\">\u00e0 propos des po\u00e8mes<\/a> ;<\/li>\n<\/ul>\n<\/li>\n<li><a href=\"https:\/\/www.societedesetudesmarcelinedesbordesvalmore.fr\/?page_id=1593\">\u00e9tudes critiques<\/a> :\n<ul style=\"list-style-type: disc;\">\n<li><a href=\"https:\/\/www.societedesetudesmarcelinedesbordesvalmore.fr\/?page_id=1593#reception\">sur la r\u00e9ception critique<\/a>, <a href=\"https:\/\/www.societedesetudesmarcelinedesbordesvalmore.fr\/?page_id=1593#reception-immediate\">r\u00e9ception critique imm\u00e9diate<\/a>,<\/li>\n<li><a href=\"https:\/\/www.societedesetudesmarcelinedesbordesvalmore.fr\/?page_id=1593#articles-poemes\">articles qui \u00e9voquent des po\u00e8mes du recueil<\/a> ;<\/li>\n<\/ul>\n<\/li>\n<li>contexte et cotexte (\u00e0 venir)<\/li>\n<\/ul>\n<p>Responsables de cette rubrique : Christine Plant\u00e9 et Philippe Gambette<\/p>\n","protected":false},"excerpt":{"rendered":"<p>Les Pleurs, au programme des agr\u00e9gations des lettres 2023 Vous trouverez des informations et documents dans les rubriques suivantes&nbsp;: derni\u00e8res informations, publications et \u00e9v\u00e9nements le texte : \u00e9dition au programme \u00e9dition originale \u00e9ditions num\u00e9riques deuxi\u00e8me \u00e9dition, contrefa\u00e7on belge autres \u00e9ditions pr\u00e9publications versions lues, versions chant\u00e9es, partitions musicales manuscrits : voir sur le site d\u00e9di\u00e9 \u00e0 &hellip; <a href=\"https:\/\/www.societedesetudesmarcelinedesbordesvalmore.fr\/?page_id=1598\" class=\"more-link\">Continuer la lecture de <span class=\"screen-reader-text\">Agr\u00e9gation 2023 : <i>Les Pleurs<\/i><\/span> <span class=\"meta-nav\">&rarr;<\/span><\/a><\/p>\n","protected":false},"author":46,"featured_media":0,"parent":0,"menu_order":0,"comment_status":"closed","ping_status":"closed","template":"","meta":{"ngg_post_thumbnail":0,"footnotes":""},"class_list":["post-1598","page","type-page","status-publish","hentry"],"yoast_head":"<!-- This site is optimized with the Yoast SEO plugin v24.9 - https:\/\/yoast.com\/wordpress\/plugins\/seo\/ -->\n<title>Agr\u00e9gation 2023 : Les Pleurs - Soci\u00e9t\u00e9 des \u00e9tudes Marceline Desbordes-Valmore<\/title>\n<meta name=\"robots\" content=\"index, follow, max-snippet:-1, max-image-preview:large, max-video-preview:-1\" \/>\n<link rel=\"canonical\" href=\"https:\/\/www.societedesetudesmarcelinedesbordesvalmore.fr\/?page_id=1598\" \/>\n<meta property=\"og:locale\" content=\"fr_FR\" \/>\n<meta property=\"og:type\" content=\"article\" \/>\n<meta property=\"og:title\" content=\"Agr\u00e9gation 2023 : Les Pleurs - Soci\u00e9t\u00e9 des \u00e9tudes Marceline Desbordes-Valmore\" \/>\n<meta property=\"og:description\" content=\"Les Pleurs, au programme des agr\u00e9gations des lettres 2023 Vous trouverez des informations et documents dans les rubriques suivantes&nbsp;: derni\u00e8res informations, publications et \u00e9v\u00e9nements le texte : \u00e9dition au programme \u00e9dition originale \u00e9ditions num\u00e9riques deuxi\u00e8me \u00e9dition, contrefa\u00e7on belge autres \u00e9ditions pr\u00e9publications versions lues, versions chant\u00e9es, partitions musicales manuscrits : voir sur le site d\u00e9di\u00e9 \u00e0 &hellip; Continuer la lecture de Agr\u00e9gation 2023 : Les Pleurs &rarr;\" \/>\n<meta property=\"og:url\" content=\"https:\/\/www.societedesetudesmarcelinedesbordesvalmore.fr\/?page_id=1598\" \/>\n<meta property=\"og:site_name\" content=\"Soci\u00e9t\u00e9 des \u00e9tudes Marceline Desbordes-Valmore\" \/>\n<meta property=\"article:modified_time\" content=\"2023-06-25T15:35:54+00:00\" \/>\n<meta name=\"twitter:card\" content=\"summary_large_image\" \/>\n<meta name=\"twitter:label1\" content=\"Dur\u00e9e de lecture estim\u00e9e\" \/>\n\t<meta name=\"twitter:data1\" content=\"2 minutes\" \/>\n<script type=\"application\/ld+json\" class=\"yoast-schema-graph\">{\"@context\":\"https:\/\/schema.org\",\"@graph\":[{\"@type\":\"WebPage\",\"@id\":\"https:\/\/www.societedesetudesmarcelinedesbordesvalmore.fr\/?page_id=1598\",\"url\":\"https:\/\/www.societedesetudesmarcelinedesbordesvalmore.fr\/?page_id=1598\",\"name\":\"Agr\u00e9gation 2023 : Les Pleurs - Soci\u00e9t\u00e9 des \u00e9tudes Marceline Desbordes-Valmore\",\"isPartOf\":{\"@id\":\"https:\/\/www.societedesetudesmarcelinedesbordesvalmore.fr\/#website\"},\"datePublished\":\"2022-04-18T15:03:23+00:00\",\"dateModified\":\"2023-06-25T15:35:54+00:00\",\"inLanguage\":\"fr-FR\",\"potentialAction\":[{\"@type\":\"ReadAction\",\"target\":[\"https:\/\/www.societedesetudesmarcelinedesbordesvalmore.fr\/?page_id=1598\"]}]},{\"@type\":\"WebSite\",\"@id\":\"https:\/\/www.societedesetudesmarcelinedesbordesvalmore.fr\/#website\",\"url\":\"https:\/\/www.societedesetudesmarcelinedesbordesvalmore.fr\/\",\"name\":\"Soci\u00e9t\u00e9 des \u00e9tudes Marceline Desbordes-Valmore\",\"description\":\"\",\"potentialAction\":[{\"@type\":\"SearchAction\",\"target\":{\"@type\":\"EntryPoint\",\"urlTemplate\":\"https:\/\/www.societedesetudesmarcelinedesbordesvalmore.fr\/?s={search_term_string}\"},\"query-input\":{\"@type\":\"PropertyValueSpecification\",\"valueRequired\":true,\"valueName\":\"search_term_string\"}}],\"inLanguage\":\"fr-FR\"}]}<\/script>\n<!-- \/ Yoast SEO plugin. -->","yoast_head_json":{"title":"Agr\u00e9gation 2023 : Les Pleurs - Soci\u00e9t\u00e9 des \u00e9tudes Marceline Desbordes-Valmore","robots":{"index":"index","follow":"follow","max-snippet":"max-snippet:-1","max-image-preview":"max-image-preview:large","max-video-preview":"max-video-preview:-1"},"canonical":"https:\/\/www.societedesetudesmarcelinedesbordesvalmore.fr\/?page_id=1598","og_locale":"fr_FR","og_type":"article","og_title":"Agr\u00e9gation 2023 : Les Pleurs - Soci\u00e9t\u00e9 des \u00e9tudes Marceline Desbordes-Valmore","og_description":"Les Pleurs, au programme des agr\u00e9gations des lettres 2023 Vous trouverez des informations et documents dans les rubriques suivantes&nbsp;: derni\u00e8res informations, publications et \u00e9v\u00e9nements le texte : \u00e9dition au programme \u00e9dition originale \u00e9ditions num\u00e9riques deuxi\u00e8me \u00e9dition, contrefa\u00e7on belge autres \u00e9ditions pr\u00e9publications versions lues, versions chant\u00e9es, partitions musicales manuscrits : voir sur le site d\u00e9di\u00e9 \u00e0 &hellip; Continuer la lecture de Agr\u00e9gation 2023 : Les Pleurs &rarr;","og_url":"https:\/\/www.societedesetudesmarcelinedesbordesvalmore.fr\/?page_id=1598","og_site_name":"Soci\u00e9t\u00e9 des \u00e9tudes Marceline Desbordes-Valmore","article_modified_time":"2023-06-25T15:35:54+00:00","twitter_card":"summary_large_image","twitter_misc":{"Dur\u00e9e de lecture estim\u00e9e":"2 minutes"},"schema":{"@context":"https:\/\/schema.org","@graph":[{"@type":"WebPage","@id":"https:\/\/www.societedesetudesmarcelinedesbordesvalmore.fr\/?page_id=1598","url":"https:\/\/www.societedesetudesmarcelinedesbordesvalmore.fr\/?page_id=1598","name":"Agr\u00e9gation 2023 : Les Pleurs - Soci\u00e9t\u00e9 des \u00e9tudes Marceline Desbordes-Valmore","isPartOf":{"@id":"https:\/\/www.societedesetudesmarcelinedesbordesvalmore.fr\/#website"},"datePublished":"2022-04-18T15:03:23+00:00","dateModified":"2023-06-25T15:35:54+00:00","inLanguage":"fr-FR","potentialAction":[{"@type":"ReadAction","target":["https:\/\/www.societedesetudesmarcelinedesbordesvalmore.fr\/?page_id=1598"]}]},{"@type":"WebSite","@id":"https:\/\/www.societedesetudesmarcelinedesbordesvalmore.fr\/#website","url":"https:\/\/www.societedesetudesmarcelinedesbordesvalmore.fr\/","name":"Soci\u00e9t\u00e9 des \u00e9tudes Marceline Desbordes-Valmore","description":"","potentialAction":[{"@type":"SearchAction","target":{"@type":"EntryPoint","urlTemplate":"https:\/\/www.societedesetudesmarcelinedesbordesvalmore.fr\/?s={search_term_string}"},"query-input":{"@type":"PropertyValueSpecification","valueRequired":true,"valueName":"search_term_string"}}],"inLanguage":"fr-FR"}]}},"_links":{"self":[{"href":"https:\/\/www.societedesetudesmarcelinedesbordesvalmore.fr\/index.php?rest_route=\/wp\/v2\/pages\/1598","targetHints":{"allow":["GET"]}}],"collection":[{"href":"https:\/\/www.societedesetudesmarcelinedesbordesvalmore.fr\/index.php?rest_route=\/wp\/v2\/pages"}],"about":[{"href":"https:\/\/www.societedesetudesmarcelinedesbordesvalmore.fr\/index.php?rest_route=\/wp\/v2\/types\/page"}],"author":[{"embeddable":true,"href":"https:\/\/www.societedesetudesmarcelinedesbordesvalmore.fr\/index.php?rest_route=\/wp\/v2\/users\/46"}],"replies":[{"embeddable":true,"href":"https:\/\/www.societedesetudesmarcelinedesbordesvalmore.fr\/index.php?rest_route=%2Fwp%2Fv2%2Fcomments&post=1598"}],"version-history":[{"count":22,"href":"https:\/\/www.societedesetudesmarcelinedesbordesvalmore.fr\/index.php?rest_route=\/wp\/v2\/pages\/1598\/revisions"}],"predecessor-version":[{"id":1865,"href":"https:\/\/www.societedesetudesmarcelinedesbordesvalmore.fr\/index.php?rest_route=\/wp\/v2\/pages\/1598\/revisions\/1865"}],"wp:attachment":[{"href":"https:\/\/www.societedesetudesmarcelinedesbordesvalmore.fr\/index.php?rest_route=%2Fwp%2Fv2%2Fmedia&parent=1598"}],"curies":[{"name":"wp","href":"https:\/\/api.w.org\/{rel}","templated":true}]}}