{"id":1578,"date":"2022-04-16T05:50:53","date_gmt":"2022-04-16T03:50:53","guid":{"rendered":"https:\/\/www.societedesetudesmarcelinedesbordesvalmore.fr\/?page_id=1578"},"modified":"2022-04-23T17:34:07","modified_gmt":"2022-04-23T15:34:07","slug":"agregation-2023-biographie","status":"publish","type":"page","link":"https:\/\/www.societedesetudesmarcelinedesbordesvalmore.fr\/?page_id=1578","title":{"rendered":"Agr\u00e9gation 2023 &#8211; Biographie"},"content":{"rendered":"<p>Vous trouverez sur ce site une <a href=\"https:\/\/www.societedesetudesmarcelinedesbordesvalmore.fr\/?p=238\">courte biographie de Marceline Desbordes-Valmore<\/a>, quelques <a href=\"https:\/\/www.societedesetudesmarcelinedesbordesvalmore.fr\/?p=212\">rep\u00e8res chronologiques<\/a> incluant une <a href=\"https:\/\/www.societedesetudesmarcelinedesbordesvalmore.fr\/?p=212#lieux\">carte des lieux o\u00f9 elle a habit\u00e9<\/a>, ainsi qu&rsquo;une <a href=\"https:\/\/www.societedesetudesmarcelinedesbordesvalmore.fr\/?page_id=420\">s\u00e9rie de portraits<\/a> d&rsquo;elle et de ses proches.<\/p>\n<p>La biographie de r\u00e9f\u00e9rence \u00e0 propos de Marceline Desbordes-Valmore est <a href=\"https:\/\/catalogue.bnf.fr\/ark:\/12148\/cb37700962k\"><em>Le Si\u00e8cle des Valmore<\/em><\/a> de Francis Ambri\u00e8re, publi\u00e9e en deux volumes au Seuil en 1987. L&rsquo;\u00e9tude par Charles-Augustin Sainte-Beuve, <a href=\"https:\/\/gallica.bnf.fr\/ark:\/12148\/bpt6k64397911\"><em>Madame Desbordes-Valmore : sa vie et sa correspondance<\/em><\/a>, publi\u00e9e chez Michel L\u00e9vy Fr\u00e8res en 1870, a constitu\u00e9 une source importante, mais qui contient des \u00e9l\u00e9ments l\u00e9gendaires. D&rsquo;apr\u00e8s Francis Ambri\u00e8re, ses deux biographes \u00ab <a href=\"https:\/\/www.youtube.com\/watch?v=t9Ffnn_TI7A&amp;t=1469s\">les plus s\u00e9rieux<\/a> \u00bb avant lui ont \u00e9t\u00e9 Jacques Boulenger (<a href=\"https:\/\/archive.org\/details\/marcelinedesbord00boul\"><em>Marceline Desbordes-Valmore : d&rsquo;apre\u0300s ses papiers ine\u0301dits<\/em><\/a>, 1909, Fayard) et Lucien Descaves (<a href=\"https:\/\/fr.wikisource.org\/wiki\/La_Vie_douloureuse_de_Marceline_Desbordes_Valmore\"><em>La Vie douloureuse de Marceline Desbordes Valmore<\/em><\/a>, \u00c9ditions d\u2019art et de litt\u00e9rature, 1910).<\/p>\n<p>Quant \u00e0 la biographie publi\u00e9e en allemand par Stefan Zweig en 1927 chez Insel \u00e0 Leipzig sous le titre <a href=\"https:\/\/gallica.bnf.fr\/ark:\/12148\/bpt6k97714553\"><em>Marceline Desbordes-Valmore: das Lebensbild einer Dichterin<\/em><\/a>, dont la traduction en fran\u00e7ais par Alzir Hella a r\u00e9cemment \u00e9t\u00e9 <a href=\"https:\/\/www.livredepoche.com\/livre\/marceline-desbordes-valmore-9782253240303\">r\u00e9\u00e9dit\u00e9e au Livre de poche<\/a> avec une pr\u00e9sentation par Olivier Philipponnat, en d\u00e9pit de son int\u00e9r\u00eat, elle contient de nombreux \u00e9l\u00e9ments l\u00e9gendaires.<\/p>\n<p>\u00c0 propos de la place des \u00e9l\u00e9ments autobiographiques dans l&rsquo;\u0153uvre de Marceline Desbordes-Valmore, on pourra consulter l&rsquo;article de Christine Plant\u00e9 \u00ab <a href=\"https:\/\/www.persee.fr\/doc\/roman_0048-8593_1987_num_17_56_4940\">Marceline Desbordes-Valmore : l&rsquo;autobiographie ind\u00e9finie<\/a> \u00bb, <em>Romantisme<\/em>, vol. 56, 1987, p. 47-58.<\/p>\n","protected":false},"excerpt":{"rendered":"<p>Vous trouverez sur ce site une courte biographie de Marceline Desbordes-Valmore, quelques rep\u00e8res chronologiques incluant une carte des lieux o\u00f9 elle a habit\u00e9, ainsi qu&rsquo;une s\u00e9rie de portraits d&rsquo;elle et de ses proches. La biographie de r\u00e9f\u00e9rence \u00e0 propos de Marceline Desbordes-Valmore est Le Si\u00e8cle des Valmore de Francis Ambri\u00e8re, publi\u00e9e en deux volumes au &hellip; <a href=\"https:\/\/www.societedesetudesmarcelinedesbordesvalmore.fr\/?page_id=1578\" class=\"more-link\">Continuer la lecture de <span class=\"screen-reader-text\">Agr\u00e9gation 2023 &#8211; Biographie<\/span> <span class=\"meta-nav\">&rarr;<\/span><\/a><\/p>\n","protected":false},"author":46,"featured_media":0,"parent":0,"menu_order":0,"comment_status":"closed","ping_status":"closed","template":"","meta":{"ngg_post_thumbnail":0,"footnotes":""},"class_list":["post-1578","page","type-page","status-publish","hentry"],"yoast_head":"<!-- This site is optimized with the Yoast SEO plugin v24.9 - https:\/\/yoast.com\/wordpress\/plugins\/seo\/ -->\n<title>Agr\u00e9gation 2023 - Biographie - Soci\u00e9t\u00e9 des \u00e9tudes Marceline Desbordes-Valmore<\/title>\n<meta name=\"robots\" content=\"index, follow, max-snippet:-1, max-image-preview:large, max-video-preview:-1\" \/>\n<link rel=\"canonical\" href=\"https:\/\/www.societedesetudesmarcelinedesbordesvalmore.fr\/?page_id=1578\" \/>\n<meta property=\"og:locale\" content=\"fr_FR\" \/>\n<meta property=\"og:type\" content=\"article\" \/>\n<meta property=\"og:title\" content=\"Agr\u00e9gation 2023 - Biographie - Soci\u00e9t\u00e9 des \u00e9tudes Marceline Desbordes-Valmore\" \/>\n<meta property=\"og:description\" content=\"Vous trouverez sur ce site une courte biographie de Marceline Desbordes-Valmore, quelques rep\u00e8res chronologiques incluant une carte des lieux o\u00f9 elle a habit\u00e9, ainsi qu&rsquo;une s\u00e9rie de portraits d&rsquo;elle et de ses proches. La biographie de r\u00e9f\u00e9rence \u00e0 propos de Marceline Desbordes-Valmore est Le Si\u00e8cle des Valmore de Francis Ambri\u00e8re, publi\u00e9e en deux volumes au &hellip; Continuer la lecture de Agr\u00e9gation 2023 &#8211; Biographie &rarr;\" \/>\n<meta property=\"og:url\" content=\"https:\/\/www.societedesetudesmarcelinedesbordesvalmore.fr\/?page_id=1578\" \/>\n<meta property=\"og:site_name\" content=\"Soci\u00e9t\u00e9 des \u00e9tudes Marceline Desbordes-Valmore\" \/>\n<meta property=\"article:modified_time\" content=\"2022-04-23T15:34:07+00:00\" \/>\n<meta name=\"twitter:card\" content=\"summary_large_image\" \/>\n<meta name=\"twitter:label1\" content=\"Dur\u00e9e de lecture estim\u00e9e\" \/>\n\t<meta name=\"twitter:data1\" content=\"2 minutes\" \/>\n<script type=\"application\/ld+json\" class=\"yoast-schema-graph\">{\"@context\":\"https:\/\/schema.org\",\"@graph\":[{\"@type\":\"WebPage\",\"@id\":\"https:\/\/www.societedesetudesmarcelinedesbordesvalmore.fr\/?page_id=1578\",\"url\":\"https:\/\/www.societedesetudesmarcelinedesbordesvalmore.fr\/?page_id=1578\",\"name\":\"Agr\u00e9gation 2023 - Biographie - Soci\u00e9t\u00e9 des \u00e9tudes Marceline Desbordes-Valmore\",\"isPartOf\":{\"@id\":\"https:\/\/www.societedesetudesmarcelinedesbordesvalmore.fr\/#website\"},\"datePublished\":\"2022-04-16T03:50:53+00:00\",\"dateModified\":\"2022-04-23T15:34:07+00:00\",\"inLanguage\":\"fr-FR\",\"potentialAction\":[{\"@type\":\"ReadAction\",\"target\":[\"https:\/\/www.societedesetudesmarcelinedesbordesvalmore.fr\/?page_id=1578\"]}]},{\"@type\":\"WebSite\",\"@id\":\"https:\/\/www.societedesetudesmarcelinedesbordesvalmore.fr\/#website\",\"url\":\"https:\/\/www.societedesetudesmarcelinedesbordesvalmore.fr\/\",\"name\":\"Soci\u00e9t\u00e9 des \u00e9tudes Marceline Desbordes-Valmore\",\"description\":\"\",\"potentialAction\":[{\"@type\":\"SearchAction\",\"target\":{\"@type\":\"EntryPoint\",\"urlTemplate\":\"https:\/\/www.societedesetudesmarcelinedesbordesvalmore.fr\/?s={search_term_string}\"},\"query-input\":{\"@type\":\"PropertyValueSpecification\",\"valueRequired\":true,\"valueName\":\"search_term_string\"}}],\"inLanguage\":\"fr-FR\"}]}<\/script>\n<!-- \/ Yoast SEO plugin. -->","yoast_head_json":{"title":"Agr\u00e9gation 2023 - Biographie - Soci\u00e9t\u00e9 des \u00e9tudes Marceline Desbordes-Valmore","robots":{"index":"index","follow":"follow","max-snippet":"max-snippet:-1","max-image-preview":"max-image-preview:large","max-video-preview":"max-video-preview:-1"},"canonical":"https:\/\/www.societedesetudesmarcelinedesbordesvalmore.fr\/?page_id=1578","og_locale":"fr_FR","og_type":"article","og_title":"Agr\u00e9gation 2023 - Biographie - Soci\u00e9t\u00e9 des \u00e9tudes Marceline Desbordes-Valmore","og_description":"Vous trouverez sur ce site une courte biographie de Marceline Desbordes-Valmore, quelques rep\u00e8res chronologiques incluant une carte des lieux o\u00f9 elle a habit\u00e9, ainsi qu&rsquo;une s\u00e9rie de portraits d&rsquo;elle et de ses proches. La biographie de r\u00e9f\u00e9rence \u00e0 propos de Marceline Desbordes-Valmore est Le Si\u00e8cle des Valmore de Francis Ambri\u00e8re, publi\u00e9e en deux volumes au &hellip; Continuer la lecture de Agr\u00e9gation 2023 &#8211; Biographie &rarr;","og_url":"https:\/\/www.societedesetudesmarcelinedesbordesvalmore.fr\/?page_id=1578","og_site_name":"Soci\u00e9t\u00e9 des \u00e9tudes Marceline Desbordes-Valmore","article_modified_time":"2022-04-23T15:34:07+00:00","twitter_card":"summary_large_image","twitter_misc":{"Dur\u00e9e de lecture estim\u00e9e":"2 minutes"},"schema":{"@context":"https:\/\/schema.org","@graph":[{"@type":"WebPage","@id":"https:\/\/www.societedesetudesmarcelinedesbordesvalmore.fr\/?page_id=1578","url":"https:\/\/www.societedesetudesmarcelinedesbordesvalmore.fr\/?page_id=1578","name":"Agr\u00e9gation 2023 - Biographie - Soci\u00e9t\u00e9 des \u00e9tudes Marceline Desbordes-Valmore","isPartOf":{"@id":"https:\/\/www.societedesetudesmarcelinedesbordesvalmore.fr\/#website"},"datePublished":"2022-04-16T03:50:53+00:00","dateModified":"2022-04-23T15:34:07+00:00","inLanguage":"fr-FR","potentialAction":[{"@type":"ReadAction","target":["https:\/\/www.societedesetudesmarcelinedesbordesvalmore.fr\/?page_id=1578"]}]},{"@type":"WebSite","@id":"https:\/\/www.societedesetudesmarcelinedesbordesvalmore.fr\/#website","url":"https:\/\/www.societedesetudesmarcelinedesbordesvalmore.fr\/","name":"Soci\u00e9t\u00e9 des \u00e9tudes Marceline Desbordes-Valmore","description":"","potentialAction":[{"@type":"SearchAction","target":{"@type":"EntryPoint","urlTemplate":"https:\/\/www.societedesetudesmarcelinedesbordesvalmore.fr\/?s={search_term_string}"},"query-input":{"@type":"PropertyValueSpecification","valueRequired":true,"valueName":"search_term_string"}}],"inLanguage":"fr-FR"}]}},"_links":{"self":[{"href":"https:\/\/www.societedesetudesmarcelinedesbordesvalmore.fr\/index.php?rest_route=\/wp\/v2\/pages\/1578","targetHints":{"allow":["GET"]}}],"collection":[{"href":"https:\/\/www.societedesetudesmarcelinedesbordesvalmore.fr\/index.php?rest_route=\/wp\/v2\/pages"}],"about":[{"href":"https:\/\/www.societedesetudesmarcelinedesbordesvalmore.fr\/index.php?rest_route=\/wp\/v2\/types\/page"}],"author":[{"embeddable":true,"href":"https:\/\/www.societedesetudesmarcelinedesbordesvalmore.fr\/index.php?rest_route=\/wp\/v2\/users\/46"}],"replies":[{"embeddable":true,"href":"https:\/\/www.societedesetudesmarcelinedesbordesvalmore.fr\/index.php?rest_route=%2Fwp%2Fv2%2Fcomments&post=1578"}],"version-history":[{"count":9,"href":"https:\/\/www.societedesetudesmarcelinedesbordesvalmore.fr\/index.php?rest_route=\/wp\/v2\/pages\/1578\/revisions"}],"predecessor-version":[{"id":1697,"href":"https:\/\/www.societedesetudesmarcelinedesbordesvalmore.fr\/index.php?rest_route=\/wp\/v2\/pages\/1578\/revisions\/1697"}],"wp:attachment":[{"href":"https:\/\/www.societedesetudesmarcelinedesbordesvalmore.fr\/index.php?rest_route=%2Fwp%2Fv2%2Fmedia&parent=1578"}],"curies":[{"name":"wp","href":"https:\/\/api.w.org\/{rel}","templated":true}]}}