{"id":15,"date":"2017-06-16T10:07:25","date_gmt":"2017-06-16T08:07:25","guid":{"rendered":"http:\/\/www.societedesetudesmarcelinedesbordesvalmore.fr\/?page_id=15"},"modified":"2021-06-11T22:55:15","modified_gmt":"2021-06-11T20:55:15","slug":"bibliographie","status":"publish","type":"page","link":"https:\/\/www.societedesetudesmarcelinedesbordesvalmore.fr\/?page_id=15","title":{"rendered":"Publications r\u00e9centes"},"content":{"rendered":"<p align=\"JUSTIFY\"><em>concernant principalement ou partiellement Marceline Desbordes-Valmore, ainsi que des \u00e9ditions et traductions de ses \u0153uvres.<br \/>\nNous n\u2019indiquons pas les partitions, et nous limitons pour les enregistrements sonores, \u00e0 des albums enti\u00e8rement consacr\u00e9s \u00e0 la po\u00e8te.<br \/>\nMerci de nous communiquer des publications qui auraient pu nous \u00e9chapper.<br \/>\nUne bibliographie g\u00e9n\u00e9rale de et sur Marceline Desbordes-Valmore sera bient\u00f4t disponible sur le site, mais un travail remarquable a \u00e9t\u00e9 propos\u00e9 par la Biblioth\u00e8que nationale de France en mars 2021, dans <a href=\"http:\/\/www.bnf.fr\/sites\/default\/files\/2021-03\/biblio%20Marceline%20Desbordes_Valmore%20mars21.pdf\">ce document de bibliographie<\/a>.<\/em><\/p>\n<h4 align=\"RIGHT\"><strong>2016<\/strong><\/h4>\n<p><strong>Marceline Desbordes-Valmore, <em>Poezije\/Po\u00e8mes choisis, <\/em>trad. Marija Javorsek, choix et pr\u00e9face \u017diva \u010cebulj, Po\u00e9tikonove lire, 2016. [une anthologie en slov\u00e8ne]<\/strong><\/p>\n<p align=\"JUSTIFY\">Pascal Obispo, <em>Un billet de femme<\/em>, chansons compos\u00e9es par Pascal Obispo sur des po\u00e8mes de Marceline Desbordes-Valmore, Sony Music. [cd]<\/p>\n<p>Fran\u00e7oise Chandernagor, <em>Quand les femmes parlent d&rsquo;amour<\/em>, Le Cherche Midi, 2016 [Anthologie]<\/p>\n<p>Lucie Desbordes, <em>Le carnet de Marceline Desbordes-Valmore<\/em><em>,<\/em> roman, Bartillat, 2016. [voir la rubrique actualit\u00e9s]<\/p>\n<p>Thierry Bodin, \u00ab Madeleine et Francis, ou l\u2019histoire litt\u00e9raire \u00e0 quatre mains ;\u00bb, <em>Revue d&rsquo;histoire litt\u00e9raire de la France<\/em>, 1\/2016 (Vol. 116), p. 43-50. [sur Madeleine et Francis Ambri\u00e8re, \u00e0 qui on doit la plus pr\u00e9cise biographie de Marceline Desbordes-Valmore, et les collections maintenant pour partie \u00e0 la BM de Douai]<\/p>\n<p>V\u00e9ronique G\u00e9ly, \u00ab Un Autre Roman de l&rsquo;artiste : L&rsquo;Atelier d&rsquo;un peintre de Marceline Desbordes-Valmore \u00bb, dans la <em>Revue de Litt\u00e9rature compar\u00e9e<\/em>, avril-juin, 2016-2, p. 173-184.<\/p>\n<p>Ky\u00f4ko Okabe, \u00ab La Po\u00e9sie engag\u00e9e de Marceline Desbordes-Valmore : une lecture de deux \u00ab Cantiques \u00bb, dans <em>Etudes de langue et litt\u00e9rature fran\u00e7aises<\/em>, Japon, Soci\u00e9t\u00e9 Japonaise de Langue et Litt\u00e9rature Fran\u00e7aises, n\u02da 109, ao\u00fbt 2016, pp. 3-20.<\/p>\n<p>Adrianna M. Paliyenko, Genius Envy. <em>Women Shaping French Poetic History<\/em>, 1801-1900, Penn State University Press. [Il est question de MDV dans les premiers chapitres.]<\/p>\n<p align=\"JUSTIFY\">Adrianna M. Paliyenko \u00ab Between Poetic Cultures: Ancient sources of the Asian \u201cOrient\u201d in Marceline Desbordes-Valmore and Louise Ackerman \u00bb, dans <em>\u2028L&rsquo;Esprit Cr\u00e9ateur<\/em>, Volume 56, N\u00b0 3, Fall 2016, pp. 14-27. <em>Cultural Exchange and Creative Identity: France\/Asia in the Nineteenth and Early Twentieth Centuries<\/em><em>. Guest Editors,<\/em> Aim\u00e9e Boutin and Elizabeth Emery.<\/p>\n<h4 align=\"RIGHT\">2015<\/h4>\n<p><strong>Marceline Desbordes-Valmore, <em>Po\u00e9sies,<\/em> anthologie<\/strong><strong>, <\/strong><strong>dossier et notes r\u00e9alis\u00e9s par Virginie Belzgaou, lecture d&rsquo;image par Val\u00e9rie Lagier, Gallimard, Folioplus classiques : 19e si\u00e8cle n\u00b0 276, 2015<\/strong><\/p>\n<p align=\"JUSTIFY\">Aim\u00e9e M. Boutin, \u00ab \u2018Elle avait pour la lecture une v\u00e9ritable passion\u2019: Book Culture and Reading in Amable Tastu. \u00bb, dans Joseph Acquisto, Adrianna M. Paliyenko, Catherine Witt, ed., <em>Poets as Readers in Nineteenth-Century France : Critical Reflections.<\/em><em> London, Institute of Modern Language Researc<\/em>h, School of Advance Study, University of London, 2015.<\/p>\n<p>Julia Efferz, <em>Songbirds on the literary stage : the woman singer and her song in French and German prose fiction, from Goethe to Berlioz<\/em>, Oxford, New-York, Peter Lang, 2015.<\/p>\n<p>Christine Plant\u00e9, <em>La Petite S\u0153ur de Balzac. Essai sur la femme auteur, <\/em>nouvelle \u00e9dition r\u00e9vis\u00e9e avec une pr\u00e9face in\u00e9dite de Michelle Perrot et une post-face in\u00e9dite de l\u2019auteure, Presses Universitaires de Lyon, coll. \u00ab des deux sexes et autres \u00bb, 2015. [nombreuses r\u00e9f\u00e9rences \u00e0 Marceline Desbordes-Valmore]<\/p>\n<p style=\"text-align: left;\" align=\"JUSTIFY\">Fabio Scotto, \u00ab Maria Luisa Spaziani traduttrice di Marceline Desbordes Valmore : Tra fedelt\u00e0 e modernizzazione \u00bb, in <em>Rivista Internazionale di Studi Culturali, Linguistici Letterar (AgonR)<\/em>, 2015, Jan\u00ad Mar ; 4, p. 19-34. [Publication \u00e9lectronique : <a href=\"http:\/\/agon.unime.it.proxy.lib.fsu.edu\">http:\/\/agon.unime.it.proxy.lib.fsu.edu<\/a>.]<\/p>\n<h4 align=\"RIGHT\">2014<\/h4>\n<p align=\"JUSTIFY\">Christian Bobin, <em>La Grande vie<\/em>, Gallimard. [Le livre s\u2019ouvre sur Marceline Desbordes-Valmore&nbsp;: \u00ab&nbsp;Ch\u00e8re Marceline Desbordes-Valmore, vous m\u2019avez pris le c\u0153ur \u00e0 la gare du Nord&nbsp;\u00bb]<\/p>\n<p align=\"JUSTIFY\">Evelyne Ender, \u00ab&nbsp;Po\u00e8tes en mal de pays. Les paradoxes du lyrisme dans la France du dix-neuvi\u00e8me si\u00e8cle \u00bb, Christie McDonald, Susan Rubin Suleiman, dans <em>French Global \u2013 Une nouvelle perspective sur l\u2019histoire litt\u00e9raire<\/em>, Garnier, 2014 [2010 pour l\u2019\u00e9dition am\u00e9ricaine, Columbia University Press], p. 165-194.<\/p>\n<p align=\"JUSTIFY\">Stefan Zweig, <em>Les Grandes Biographies<\/em>, Le Livre de Poche, \u00ab&nbsp;La Pochoth\u00e8que&nbsp;\u00bb, 2014. [contient la biographie de Marceline Desbordes-Valmore]<\/p>\n<h4 align=\"RIGHT\">2013<\/h4>\n<p>Christophe Duchemin, \u00ab&nbsp;Marceline Desbordes-Valmore&nbsp;\u00bb, <em>Le Coin de Table<\/em> n\u00b0 54, avril 2013, p. 17-19.<\/p>\n<p align=\"JUSTIFY\">Encarnaci\u00f3n Medina Arjona, \u00ab&nbsp;Marceline Desbordes-Valmore et les accents de la voix naturelle&nbsp;\u00bb, dans <em>Concepci\u00f3n Palacios and Pedro M\u00e9ndez<\/em>, eds. Femmes nouvellistes fran\u00e7aises du XIXe si\u00e8cle. Coll. \u00ab&nbsp;Espacios literarios en contacto&nbsp;\u00bb, Bern, Peter Lang, 2013, p. 101-113..<\/p>\n<p align=\"JUSTIFY\">Christine Plant\u00e9, \u00ab Verlaine, Desbordes-Valmore &#8211; Les deux pleureuses de l\u2019Ariette IV\u00bb, <em>Revue Verlaine<\/em>, n\u00b0 11, Garnier, 2013, p. 15-41.<\/p>\n<p align=\"JUSTIFY\">Michel Suffran, <em>Un chemin jusqu&rsquo;\u00e0 toi : rencontre entre Goya et Marcelline Desbordes-Valmore<\/em>, 1823-1827, Bordeaux : les Dossiers d&rsquo;Aquitaine, Collection&nbsp;:&nbsp;Le souffleur inspir\u00e9, 2013.<\/p>\n<h4 align=\"RIGHT\">2012<\/h4>\n<p>Sonia Assa, \u00ab Je n&rsquo;ai pas eu le temps de consulter un livre : Les Lectures de Marceline Desbordes-\u00adValmore \u00bb, in<em> Women in French Studies<\/em> 2012, special issue : \u00ab Les Femmes et la lecture \u00bb, p. 85\u00ad107.<\/p>\n<p>Marc Bertrand, <em>Je suis Marceline Desbordes-Valmore<\/em>, pr\u00e9face de G\u00e9rard Colomb, Lyon, J. Andr\u00e9, impr. 2012.<\/p>\n<p>Marianne Duflot, <em>L\u00e9onard Boitel, Imprimeur &#8211; Typographe, dans l\u2019\u00c9crit \u00e0 l\u2019\u00c9preuve des M\u00e9dias, du Moyen-\u00e2ge \u00e0 l\u2019\u00c8re \u00c9lectronique<\/em>, sous la dir. de G. Komur et A. Reach&rsquo;Ng\u00f4, Paris, Garnier, 2012.<\/p>\n<p>Doris Kadish, <em>Fathers, daughters, and slaves<\/em> : women writers and French colonial slavery \/ Doris Y. Kadish Liverpool University Press, 2012 [chapitre 3&nbsp;: Daughters and Paternalism: Marceline Desbordes-Valmore].<\/p>\n<p>Christine Plant\u00e9, \u00ab&nbsp;Marceline Desbordes-Valmore&nbsp;\u00bb, dans <em>Plumes et pinceaux. L\u2019Art europ\u00e9en vu par les femmes d\u2019Elisabeth Vig\u00e9e-Lebrun \u00e0 Johanna von Haza \u2013 L\u2019art fran\u00e7ais vu par les Europ\u00e9ennes (1750-1850)<\/em> \u2013 Volume 2, Anthologie, \u00e9d. Mechthild Fend, Melissa Hyde, Anne Lafont, Les Presses du r\u00e9el, 2012.<\/p>\n<h4 align=\"RIGHT\">2011<\/h4>\n<p align=\"JUSTIFY\">Christine Plant\u00e9, \u00ab&nbsp;Mme R\u00e9camier et Marceline Desbordes-Valmore. Relations f\u00e9minines autour de l\u2019Abbaye-aux-Bois&nbsp;\u00bb, <em>Juliette R\u00e9camier dans les arts et la litt\u00e9rature<\/em>, Delphine Gleizes et Sarga Moussa dir., Hermann, 2011, p. 57-79.<\/p>\n<p>Alexandra K. Wettlaufer, <em>Alexandra, Portraits of the Artist as a Young Woman&nbsp;: Painting and the Novel in France and Britain, 1800-1860<\/em>, Columbus,The Ohio State University Press, 2011. [chap. 2 sur l\u2019Atelier d\u2019un peintre]<\/p>\n<h4 align=\"RIGHT\">2010<\/h4>\n<p align=\"JUSTIFY\"><strong>Marceline Desbordes-Valmore, <em>L\u2019Aurore en fuite<\/em>, po\u00e8mes choisis, pr\u00e9fac\u00e9s, annot\u00e9s par Christine Plant\u00e9, \u00ab&nbsp;Points&nbsp;\u00bb.<\/strong><\/p>\n<p align=\"CENTER\">*<\/p>\n<p><strong>Marceline Desbordes-Valmore, Louis Aragon, <em>Les yeux pleins d&rsquo;\u00e9glises. Le voyage d&rsquo;Italie<\/em>, avant-propos de Jean Ristat ; introduction et notes de Claude Schopp, Paris, \u00c9d. la Biblioth\u00e8que, 2010.<\/strong><\/p>\n<p align=\"CENTER\">*<\/p>\n<p><strong>Les compositeurs de Marceline Desbordes-Valmore : A. Adam, L. Beydt, M. Canal&#8230; , Fran\u00e7oise Masset, Nicolas Stavy, Disques du Solstice, 2010. [Enregistrement sonore]<\/strong><\/p>\n<p align=\"JUSTIFY\">Christine Plant\u00e9, <em>Femmes po\u00e8tes du XIXe si\u00e8cle. Une anthologie<\/em> (deuxi\u00e8me \u00e9dition, revue et augment\u00e9e), Presses universitaires de Lyon, 2010.<\/p>\n<ul>\n<li>\n<p align=\"JUSTIFY\">\u00ab&nbsp;Fr\u00e8re et s\u0153urs dans la po\u00e9sie de Marceline Desbordes-Valmore&nbsp;\u00bb, <em>Adelphiques. S\u0153urs et fr\u00e8res dans la litt\u00e9rature fran\u00e7aise du XIXe si\u00e8cle<\/em>, textes r\u00e9unis et pr\u00e9sent\u00e9s par Claudie Bernard, Chantal Massol et Jean-Marie Roulin, \u00e9d. Kim\u00e9, \u00ab&nbsp;D\u00e9tours litt\u00e9raires&nbsp;\u00bb, 2010, p. 129-160.<\/p>\n<\/li>\n<\/ul>\n","protected":false},"excerpt":{"rendered":"<p>concernant principalement ou partiellement Marceline Desbordes-Valmore, ainsi que des \u00e9ditions et traductions de ses \u0153uvres. Nous n\u2019indiquons pas les partitions, et nous limitons pour les enregistrements sonores, \u00e0 des albums enti\u00e8rement consacr\u00e9s \u00e0 la po\u00e8te. Merci de nous communiquer des publications qui auraient pu nous \u00e9chapper. Une bibliographie g\u00e9n\u00e9rale de et sur Marceline Desbordes-Valmore sera &hellip; <a href=\"https:\/\/www.societedesetudesmarcelinedesbordesvalmore.fr\/?page_id=15\" class=\"more-link\">Continuer la lecture de <span class=\"screen-reader-text\">Publications r\u00e9centes<\/span> <span class=\"meta-nav\">&rarr;<\/span><\/a><\/p>\n","protected":false},"author":1,"featured_media":0,"parent":0,"menu_order":0,"comment_status":"closed","ping_status":"closed","template":"","meta":{"ngg_post_thumbnail":0,"footnotes":""},"class_list":["post-15","page","type-page","status-publish","hentry"],"yoast_head":"<!-- This site is optimized with the Yoast SEO plugin v24.9 - https:\/\/yoast.com\/wordpress\/plugins\/seo\/ -->\n<title>Publications r\u00e9centes - Soci\u00e9t\u00e9 des \u00e9tudes Marceline Desbordes-Valmore<\/title>\n<meta name=\"robots\" content=\"index, follow, max-snippet:-1, max-image-preview:large, max-video-preview:-1\" \/>\n<link rel=\"canonical\" href=\"https:\/\/www.societedesetudesmarcelinedesbordesvalmore.fr\/?page_id=15\" \/>\n<meta property=\"og:locale\" content=\"fr_FR\" \/>\n<meta property=\"og:type\" content=\"article\" \/>\n<meta property=\"og:title\" content=\"Publications r\u00e9centes - Soci\u00e9t\u00e9 des \u00e9tudes Marceline Desbordes-Valmore\" \/>\n<meta property=\"og:description\" content=\"concernant principalement ou partiellement Marceline Desbordes-Valmore, ainsi que des \u00e9ditions et traductions de ses \u0153uvres. Nous n\u2019indiquons pas les partitions, et nous limitons pour les enregistrements sonores, \u00e0 des albums enti\u00e8rement consacr\u00e9s \u00e0 la po\u00e8te. Merci de nous communiquer des publications qui auraient pu nous \u00e9chapper. Une bibliographie g\u00e9n\u00e9rale de et sur Marceline Desbordes-Valmore sera &hellip; Continuer la lecture de Publications r\u00e9centes &rarr;\" \/>\n<meta property=\"og:url\" content=\"https:\/\/www.societedesetudesmarcelinedesbordesvalmore.fr\/?page_id=15\" \/>\n<meta property=\"og:site_name\" content=\"Soci\u00e9t\u00e9 des \u00e9tudes Marceline Desbordes-Valmore\" \/>\n<meta property=\"article:modified_time\" content=\"2021-06-11T20:55:15+00:00\" \/>\n<meta name=\"twitter:card\" content=\"summary_large_image\" \/>\n<meta name=\"twitter:label1\" content=\"Dur\u00e9e de lecture estim\u00e9e\" \/>\n\t<meta name=\"twitter:data1\" content=\"5 minutes\" \/>\n<script type=\"application\/ld+json\" class=\"yoast-schema-graph\">{\"@context\":\"https:\/\/schema.org\",\"@graph\":[{\"@type\":\"WebPage\",\"@id\":\"https:\/\/www.societedesetudesmarcelinedesbordesvalmore.fr\/?page_id=15\",\"url\":\"https:\/\/www.societedesetudesmarcelinedesbordesvalmore.fr\/?page_id=15\",\"name\":\"Publications r\u00e9centes - Soci\u00e9t\u00e9 des \u00e9tudes Marceline Desbordes-Valmore\",\"isPartOf\":{\"@id\":\"https:\/\/www.societedesetudesmarcelinedesbordesvalmore.fr\/#website\"},\"datePublished\":\"2017-06-16T08:07:25+00:00\",\"dateModified\":\"2021-06-11T20:55:15+00:00\",\"inLanguage\":\"fr-FR\",\"potentialAction\":[{\"@type\":\"ReadAction\",\"target\":[\"https:\/\/www.societedesetudesmarcelinedesbordesvalmore.fr\/?page_id=15\"]}]},{\"@type\":\"WebSite\",\"@id\":\"https:\/\/www.societedesetudesmarcelinedesbordesvalmore.fr\/#website\",\"url\":\"https:\/\/www.societedesetudesmarcelinedesbordesvalmore.fr\/\",\"name\":\"Soci\u00e9t\u00e9 des \u00e9tudes Marceline Desbordes-Valmore\",\"description\":\"\",\"potentialAction\":[{\"@type\":\"SearchAction\",\"target\":{\"@type\":\"EntryPoint\",\"urlTemplate\":\"https:\/\/www.societedesetudesmarcelinedesbordesvalmore.fr\/?s={search_term_string}\"},\"query-input\":{\"@type\":\"PropertyValueSpecification\",\"valueRequired\":true,\"valueName\":\"search_term_string\"}}],\"inLanguage\":\"fr-FR\"}]}<\/script>\n<!-- \/ Yoast SEO plugin. -->","yoast_head_json":{"title":"Publications r\u00e9centes - Soci\u00e9t\u00e9 des \u00e9tudes Marceline Desbordes-Valmore","robots":{"index":"index","follow":"follow","max-snippet":"max-snippet:-1","max-image-preview":"max-image-preview:large","max-video-preview":"max-video-preview:-1"},"canonical":"https:\/\/www.societedesetudesmarcelinedesbordesvalmore.fr\/?page_id=15","og_locale":"fr_FR","og_type":"article","og_title":"Publications r\u00e9centes - Soci\u00e9t\u00e9 des \u00e9tudes Marceline Desbordes-Valmore","og_description":"concernant principalement ou partiellement Marceline Desbordes-Valmore, ainsi que des \u00e9ditions et traductions de ses \u0153uvres. Nous n\u2019indiquons pas les partitions, et nous limitons pour les enregistrements sonores, \u00e0 des albums enti\u00e8rement consacr\u00e9s \u00e0 la po\u00e8te. Merci de nous communiquer des publications qui auraient pu nous \u00e9chapper. Une bibliographie g\u00e9n\u00e9rale de et sur Marceline Desbordes-Valmore sera &hellip; Continuer la lecture de Publications r\u00e9centes &rarr;","og_url":"https:\/\/www.societedesetudesmarcelinedesbordesvalmore.fr\/?page_id=15","og_site_name":"Soci\u00e9t\u00e9 des \u00e9tudes Marceline Desbordes-Valmore","article_modified_time":"2021-06-11T20:55:15+00:00","twitter_card":"summary_large_image","twitter_misc":{"Dur\u00e9e de lecture estim\u00e9e":"5 minutes"},"schema":{"@context":"https:\/\/schema.org","@graph":[{"@type":"WebPage","@id":"https:\/\/www.societedesetudesmarcelinedesbordesvalmore.fr\/?page_id=15","url":"https:\/\/www.societedesetudesmarcelinedesbordesvalmore.fr\/?page_id=15","name":"Publications r\u00e9centes - Soci\u00e9t\u00e9 des \u00e9tudes Marceline Desbordes-Valmore","isPartOf":{"@id":"https:\/\/www.societedesetudesmarcelinedesbordesvalmore.fr\/#website"},"datePublished":"2017-06-16T08:07:25+00:00","dateModified":"2021-06-11T20:55:15+00:00","inLanguage":"fr-FR","potentialAction":[{"@type":"ReadAction","target":["https:\/\/www.societedesetudesmarcelinedesbordesvalmore.fr\/?page_id=15"]}]},{"@type":"WebSite","@id":"https:\/\/www.societedesetudesmarcelinedesbordesvalmore.fr\/#website","url":"https:\/\/www.societedesetudesmarcelinedesbordesvalmore.fr\/","name":"Soci\u00e9t\u00e9 des \u00e9tudes Marceline Desbordes-Valmore","description":"","potentialAction":[{"@type":"SearchAction","target":{"@type":"EntryPoint","urlTemplate":"https:\/\/www.societedesetudesmarcelinedesbordesvalmore.fr\/?s={search_term_string}"},"query-input":{"@type":"PropertyValueSpecification","valueRequired":true,"valueName":"search_term_string"}}],"inLanguage":"fr-FR"}]}},"_links":{"self":[{"href":"https:\/\/www.societedesetudesmarcelinedesbordesvalmore.fr\/index.php?rest_route=\/wp\/v2\/pages\/15","targetHints":{"allow":["GET"]}}],"collection":[{"href":"https:\/\/www.societedesetudesmarcelinedesbordesvalmore.fr\/index.php?rest_route=\/wp\/v2\/pages"}],"about":[{"href":"https:\/\/www.societedesetudesmarcelinedesbordesvalmore.fr\/index.php?rest_route=\/wp\/v2\/types\/page"}],"author":[{"embeddable":true,"href":"https:\/\/www.societedesetudesmarcelinedesbordesvalmore.fr\/index.php?rest_route=\/wp\/v2\/users\/1"}],"replies":[{"embeddable":true,"href":"https:\/\/www.societedesetudesmarcelinedesbordesvalmore.fr\/index.php?rest_route=%2Fwp%2Fv2%2Fcomments&post=15"}],"version-history":[{"count":7,"href":"https:\/\/www.societedesetudesmarcelinedesbordesvalmore.fr\/index.php?rest_route=\/wp\/v2\/pages\/15\/revisions"}],"predecessor-version":[{"id":1499,"href":"https:\/\/www.societedesetudesmarcelinedesbordesvalmore.fr\/index.php?rest_route=\/wp\/v2\/pages\/15\/revisions\/1499"}],"wp:attachment":[{"href":"https:\/\/www.societedesetudesmarcelinedesbordesvalmore.fr\/index.php?rest_route=%2Fwp%2Fv2%2Fmedia&parent=15"}],"curies":[{"name":"wp","href":"https:\/\/api.w.org\/{rel}","templated":true}]}}